{"id":1542,"date":"2019-12-06T12:34:47","date_gmt":"2019-12-06T12:34:47","guid":{"rendered":"https:\/\/fraeulein-lenz.de\/?page_id=1542"},"modified":"2026-03-31T06:43:08","modified_gmt":"2026-03-31T06:43:08","slug":"gemuesekiste","status":"publish","type":"page","link":"https:\/\/www.fraulenz.de\/en\/gemuesekiste\/","title":{"rendered":"CSA"},"content":{"rendered":"<div class=\"wp-block-group alignwide\"><div class=\"wp-block-group__inner-container is-layout-constrained wp-block-group-is-layout-constrained\">\n<pre class=\"wp-block-preformatted has-dark-gray-color has-accent-background-color has-text-color has-background has-link-color wp-elements-e10f6c16bf5004a9b5bb38cf949ccde9\"><br><strong>Our Veggie Boxes - Farm To Table<\/strong><br><br>Starting April 8, we will once again deliver our vegetable boxes to the depots in Kaiserslautern (pickup on Wed 6\u201310\u202fPM or all day Thu) and M\u00fcnchweiler (pickup on Wed 6\u201310\u202fPM or all day Thu).<br><br>This makes us special:\n You decide which vegetables go into your box. In the online shop, you can adjust your selection anytime\u2014exactly to your taste.\nOur vegetables are grown responsibly and in harmony with nature:<br>Unser Gem\u00fcse w\u00e4chst verantwortungsvoll und im Einklang mit der Natur:<br><strong><br>* on living, healthy soils<br>* without chemical-synthetic pesticides<br>* cultivated with compost, plant-based nutrients, and lots of hands-on care<br><\/strong><br><strong>By purchasing a box, you support: <\/strong><br><br>* <strong>Short delivery routes<\/strong> - more vitamins, less CO\u2082<br>* <strong>Small farms<\/strong> \u2013 currently a women-run operation<br>* <strong>Nature conservation &amp; sustainable cultivation<\/strong><br><br>You can find all further information <a href=\"https:\/\/www.fraulenz.de\/wp-content\/uploads\/2026\/03\/Veggie-Box-Info-PDF-englisch.pdf\"><mark style=\"background-color:rgba(0, 0, 0, 0);color:#6cac23\" class=\"has-inline-color\">here<\/mark><\/a>. <strong><br><\/strong><br><div class=\"forminator-ui forminator-custom-form forminator-custom-form-3103 forminator-design--default  forminator_ajax\" data-forminator-render=\"0\" data-form=\"forminator-module-3103\" data-uid=\"69d2a122ede4c\"><br\/><\/div><form\n\t\t\t\tid=\"forminator-module-3103\"\n\t\t\t\tclass=\"forminator-ui forminator-custom-form forminator-custom-form-3103 forminator-design--default  forminator_ajax\"\n\t\t\t\tmethod=\"post\"\n\t\t\t\tdata-forminator-render=\"0\"\n\t\t\t\tdata-form-id=\"3103\"\n\t\t\t\t data-color-option=\"theme\" data-design=\"default\" data-grid=\"open\" style=\"display: none;\"\n\t\t\t\tdata-uid=\"69d2a122ede4c\" action=\"\"\n\t\t\t><div role=\"alert\" aria-live=\"polite\" class=\"forminator-response-message forminator-error\" aria-hidden=\"true\"><\/div><div class=\"forminator-row\"><div id=\"name-1\" class=\"forminator-field-name forminator-col forminator-col-12\"><div class=\"forminator-field\"><label for=\"forminator-field-name-1_69d2a122ede4c\" id=\"forminator-field-name-1_69d2a122ede4c-label\" class=\"forminator-label\">Name <span class=\"forminator-required\">*<\/span><\/label><input type=\"text\" name=\"name-1\" value=\"\" placeholder=\"\" id=\"forminator-field-name-1_69d2a122ede4c\" class=\"forminator-input forminator-name--field\" aria-required=\"true\" autocomplete=\"name\" \/><\/div><\/div><\/div><div class=\"forminator-row\"><div id=\"address-1\" class=\"forminator-field-address forminator-col forminator-col-12\"><div class=\"forminator-row\"><div id=\"address-1-street_address\" class=\"forminator-col\"><div class=\"forminator-field\"><label for=\"forminator-field-address-1-street_address_69d2a122ede4c\" id=\"forminator-field-address-1-street_address_69d2a122ede4c-label\" class=\"forminator-label\">Adress <span class=\"forminator-required\">*<\/span><\/label><input type=\"text\" name=\"address-1-street_address\" placeholder=\"\" id=\"forminator-field-address-1-street_address_69d2a122ede4c\" class=\"forminator-input\" data-required=\"1\" aria-required=\"true\" autocomplete=\"address-line1\" value=\"\" \/><\/div><\/div><\/div><div class=\"forminator-row\" data-multiple=\"false\"><div id=\"address-1-zip\" class=\"forminator-col forminator-col-12\"><div class=\"forminator-field\"><label for=\"forminator-field-address-1-zip_69d2a122ede4c\" id=\"forminator-field-address-1-zip_69d2a122ede4c-label\" class=\"forminator-label\">Zip Code<\/label><input type=\"text\" name=\"address-1-zip\" placeholder=\"\" id=\"forminator-field-address-1-zip_69d2a122ede4c\" class=\"forminator-input\" autocomplete=\"postal-code\" value=\"\" \/><\/div><\/div><\/div><\/div><\/div><div class=\"forminator-row\"><div id=\"phone-1\" class=\"forminator-field-phone forminator-col forminator-col-12\"><div class=\"forminator-field\"><label for=\"forminator-field-phone-1_69d2a122ede4c\" id=\"forminator-field-phone-1_69d2a122ede4c-label\" class=\"forminator-label\">phone number <span class=\"forminator-required\">*<\/span><\/label><input type=\"text\" name=\"phone-1\" value=\"\" placeholder=\"\" id=\"forminator-field-phone-1_69d2a122ede4c\" class=\"forminator-input forminator-field--phone\" data-required=\"1\" aria-required=\"true\" autocomplete=\"off\" \/><\/div><\/div><\/div><div class=\"forminator-row\"><div id=\"email-1\" class=\"forminator-field-email forminator-col forminator-col-12\"><div class=\"forminator-field\"><label for=\"forminator-field-email-1_69d2a122ede4c\" id=\"forminator-field-email-1_69d2a122ede4c-label\" class=\"forminator-label\">E-mail address <span class=\"forminator-required\">*<\/span><\/label><input type=\"email\" name=\"email-1\" value=\"\" placeholder=\"\" id=\"forminator-field-email-1_69d2a122ede4c\" class=\"forminator-input forminator-email--field\" data-required=\"true\" aria-required=\"true\" autocomplete=\"email\" \/><\/div><\/div><\/div><div class=\"forminator-row\"><div id=\"radio-1\" class=\"forminator-field-radio forminator-col forminator-col-12\"><div role=\"radiogroup\" class=\"forminator-field\" aria-labelledby=\"forminator-radiogroup-radio-1-69d2a122ede4c-label\"><span id=\"forminator-radiogroup-radio-1-69d2a122ede4c-label\" class=\"forminator-label\">Choose a veggie box <span class=\"forminator-required\">*<\/span><\/span><label id=\"forminator-field-radio-1-label-1\" for=\"forminator-field-radio-1-1-69d2a122ede4c\" class=\"forminator-radio\" title=\"Small Veggie Box 18\u20ac\"><input type=\"radio\" name=\"radio-1\" value=\"one\" id=\"forminator-field-radio-1-1-69d2a122ede4c\" aria-labelledby=\"forminator-field-radio-1-label-1\" data-calculation=\"0\"   data-hidden-behavior=\"zero\"\/><span class=\"forminator-radio-bullet\" aria-hidden=\"true\"><\/span><span class=\"forminator-radio-label\">Small Veggie Box 18\u20ac<\/span><\/label><label id=\"forminator-field-radio-1-label-2\" for=\"forminator-field-radio-1-2-69d2a122ede4c\" class=\"forminator-radio\" title=\"Big Veggie Box 27\u20ac\"><input type=\"radio\" name=\"radio-1\" value=\"two\" id=\"forminator-field-radio-1-2-69d2a122ede4c\" aria-labelledby=\"forminator-field-radio-1-label-2\" data-calculation=\"0\"   data-hidden-behavior=\"zero\"\/><span class=\"forminator-radio-bullet\" aria-hidden=\"true\"><\/span><span class=\"forminator-radio-label\">Big Veggie Box 27\u20ac<\/span><\/label><\/div><\/div><\/div><div class=\"forminator-row\"><div id=\"radio-2\" class=\"forminator-field-radio forminator-col forminator-col-12\"><div role=\"radiogroup\" class=\"forminator-field\" aria-labelledby=\"forminator-radiogroup-radio-2-69d2a122ede4c-label\"><span id=\"forminator-radiogroup-radio-2-69d2a122ede4c-label\" class=\"forminator-label\">Pickup point <span class=\"forminator-required\">*<\/span><\/span><label id=\"forminator-field-radio-2-label-1\" for=\"forminator-field-radio-2-1-69d2a122ede4c\" class=\"forminator-radio\" title=\"Depot in our garden in M\u00fcnchweiler\"><input type=\"radio\" name=\"radio-2\" value=\"one\" id=\"forminator-field-radio-2-1-69d2a122ede4c\" aria-labelledby=\"forminator-field-radio-2-label-1\" data-calculation=\"0\"   data-hidden-behavior=\"zero\"\/><span class=\"forminator-radio-bullet\" aria-hidden=\"true\"><\/span><span class=\"forminator-radio-label\">Depot in our garden in M\u00fcnchweiler<\/span><\/label><label id=\"forminator-field-radio-2-label-2\" for=\"forminator-field-radio-2-2-69d2a122ede4c\" class=\"forminator-radio\" title=\"Depot in Kaiserslautern university residential area\"><input type=\"radio\" name=\"radio-2\" value=\"two\" id=\"forminator-field-radio-2-2-69d2a122ede4c\" aria-labelledby=\"forminator-field-radio-2-label-2\" data-calculation=\"0\"   data-hidden-behavior=\"zero\"\/><span class=\"forminator-radio-bullet\" aria-hidden=\"true\"><\/span><span class=\"forminator-radio-label\">Depot in Kaiserslautern university residential area<\/span><\/label><label id=\"forminator-field-radio-2-label-3\" for=\"forminator-field-radio-2-3-69d2a122ede4c\" class=\"forminator-radio\" title=\"Depot in Kaiserslautern Stadthotel\"><input type=\"radio\" name=\"radio-2\" value=\"Depot-in-Kaiserslautern-Stadthotel\" id=\"forminator-field-radio-2-3-69d2a122ede4c\" aria-labelledby=\"forminator-field-radio-2-label-3\" data-calculation=\"0\"   data-hidden-behavior=\"zero\"\/><span class=\"forminator-radio-bullet\" aria-hidden=\"true\"><\/span><span class=\"forminator-radio-label\">Depot in Kaiserslautern Stadthotel<\/span><\/label><\/div><\/div><\/div><div class=\"forminator-row\"><div id=\"consent-1\" class=\"forminator-field-consent forminator-col forminator-col-12\"><div class=\"forminator-field\"><label for=\"forminator-field-consent-1_69d2a122ede4c\" id=\"forminator-field-consent-1_69d2a122ede4c-label\" class=\"forminator-label\">Consent <span class=\"forminator-required\">*<\/span><\/label><div class=\"forminator-checkbox__wrapper\"><label id=\"forminator-field-consent-1_69d2a122ede4c__label\" class=\"forminator-checkbox forminator-consent\"><input type=\"checkbox\" name=\"consent-1\" id=\"forminator-field-consent-1_69d2a122ede4c\" value=\"checked\" aria-labelledby=\"forminator-field-consent-1_69d2a122ede4c-label\" aria-describedby=\"forminator-field-consent-1_69d2a122ede4c__description\" data-required=\"true\" aria-required=\"true\" \/><span class=\"forminator-checkbox-box\" aria-hidden=\"true\"><\/span><\/label><div id=\"forminator-field-consent-1_69d2a122ede4c__description\" class=\"forminator-checkbox__label forminator-consent__label\"><p>I agree to the <strong><a href=\"https:\/\/www.fraulenz.de\/wp-content\/uploads\/2026\/03\/Veggie-Box-Info-PDF-englisch.pdf\">terms<\/a> <\/strong>and look forward to my first vegetable box!&nbsp;<\/p><\/div><\/div><\/div><\/div><\/div><input type=\"hidden\" name=\"referer_url\" value=\"\" \/><div class=\"forminator-row forminator-row-last\"><div class=\"forminator-col\"><div class=\"forminator-field\"><button class=\"forminator-button forminator-button-submit\">Hello fresh veggies!<\/button><\/div><\/div><\/div><input type=\"hidden\" id=\"forminator_nonce\" name=\"forminator_nonce\" value=\"c986051282\" \/><input type=\"hidden\" name=\"_wp_http_referer\" value=\"\/en\/wp-json\/wp\/v2\/pages\/1542\" \/><input type=\"hidden\" name=\"form_id\" value=\"3103\"><input type=\"hidden\" name=\"page_id\" value=\"1542\"><input type=\"hidden\" name=\"form_type\" value=\"default\"><input type=\"hidden\" name=\"current_url\" value=\"https:\/\/www.fraulenz.de\/en\/gemuesekiste\/\"><input type=\"hidden\" name=\"render_id\" value=\"0\"><input type=\"hidden\" name=\"action\" value=\"forminator_submit_form_custom-forms\"><input type=\"hidden\" name=\"trp-form-language\" value=\"en\"\/><\/form><br><br><br><br><\/pre>\n<\/div><\/div>\n\n\n\n<p><\/p>","protected":false},"excerpt":{"rendered":"<p>Unsere Gem\u00fcsekisten \u2013 frisch vom Feld zu Dir!Ab 08. April liefern wir wieder unsere Gem\u00fcsekisten in die Depots in Kaiserslautern (Abholung Mi 18 &#8211; 22 Uhr oder Do ganzt\u00e4gig) und und M\u00fcnchweiler (Abholung Mi 18 &#8211; 22 Uhr oder Do ganzt\u00e4gig).Das Besondere: Du entscheidest selbst, welches Gem\u00fcse in Deine Kiste kommt. Im Online-Shop kannst Du [&hellip;]<\/p>\n","protected":false},"author":1,"featured_media":2488,"parent":0,"menu_order":0,"comment_status":"closed","ping_status":"closed","template":"","meta":{"footnotes":""},"class_list":["post-1542","page","type-page","status-publish","has-post-thumbnail","hentry","post-preview"],"yoast_head":"<!-- This site is optimized with the Yoast SEO plugin v27.3 - https:\/\/yoast.com\/product\/yoast-seo-wordpress\/ -->\n<title>Gem\u00fcsekiste - Frau Lenz<\/title>\n<meta name=\"robots\" content=\"index, follow, max-snippet:-1, max-image-preview:large, max-video-preview:-1\" \/>\n<link rel=\"canonical\" href=\"https:\/\/www.fraulenz.de\/en\/gemuesekiste\/\" \/>\n<meta property=\"og:locale\" content=\"en_US\" \/>\n<meta property=\"og:type\" content=\"article\" \/>\n<meta property=\"og:title\" content=\"Gem\u00fcsekiste - Frau Lenz\" \/>\n<meta property=\"og:description\" content=\"Unsere Gem\u00fcsekisten \u2013 frisch vom Feld zu Dir!Ab 08. April liefern wir wieder unsere Gem\u00fcsekisten in die Depots in Kaiserslautern (Abholung Mi 18 - 22 Uhr oder Do ganzt\u00e4gig) und und M\u00fcnchweiler (Abholung Mi 18 - 22 Uhr oder Do ganzt\u00e4gig).Das Besondere: Du entscheidest selbst, welches Gem\u00fcse in Deine Kiste kommt. Im Online-Shop kannst Du [&hellip;]\" \/>\n<meta property=\"og:url\" content=\"https:\/\/www.fraulenz.de\/en\/gemuesekiste\/\" \/>\n<meta property=\"og:site_name\" content=\"Frau Lenz\" \/>\n<meta property=\"article:modified_time\" content=\"2026-03-31T06:43:08+00:00\" \/>\n<meta property=\"og:image\" content=\"https:\/\/www.fraulenz.de\/wp-content\/uploads\/2022\/04\/Gemuesekiste-Homepage-1-scaled.jpg\" \/>\n\t<meta property=\"og:image:width\" content=\"2560\" \/>\n\t<meta property=\"og:image:height\" content=\"1920\" \/>\n\t<meta property=\"og:image:type\" content=\"image\/jpeg\" \/>\n<meta name=\"twitter:card\" content=\"summary_large_image\" \/>\n<meta name=\"twitter:label1\" content=\"Est. reading time\" \/>\n\t<meta name=\"twitter:data1\" content=\"1 minute\" \/>\n<script type=\"application\/ld+json\" class=\"yoast-schema-graph\">{\"@context\":\"https:\\\/\\\/schema.org\",\"@graph\":[{\"@type\":\"WebPage\",\"@id\":\"https:\\\/\\\/www.fraulenz.de\\\/gemuesekiste\\\/\",\"url\":\"https:\\\/\\\/www.fraulenz.de\\\/gemuesekiste\\\/\",\"name\":\"Gem\u00fcsekiste - Frau Lenz\",\"isPartOf\":{\"@id\":\"https:\\\/\\\/www.fraulenz.de\\\/#website\"},\"primaryImageOfPage\":{\"@id\":\"https:\\\/\\\/www.fraulenz.de\\\/gemuesekiste\\\/#primaryimage\"},\"image\":{\"@id\":\"https:\\\/\\\/www.fraulenz.de\\\/gemuesekiste\\\/#primaryimage\"},\"thumbnailUrl\":\"https:\\\/\\\/www.fraulenz.de\\\/wp-content\\\/uploads\\\/2022\\\/04\\\/Gemuesekiste-Homepage-1-scaled.jpg\",\"datePublished\":\"2019-12-06T12:34:47+00:00\",\"dateModified\":\"2026-03-31T06:43:08+00:00\",\"breadcrumb\":{\"@id\":\"https:\\\/\\\/www.fraulenz.de\\\/gemuesekiste\\\/#breadcrumb\"},\"inLanguage\":\"en-US\",\"potentialAction\":[{\"@type\":\"ReadAction\",\"target\":[\"https:\\\/\\\/www.fraulenz.de\\\/gemuesekiste\\\/\"]}]},{\"@type\":\"ImageObject\",\"inLanguage\":\"en-US\",\"@id\":\"https:\\\/\\\/www.fraulenz.de\\\/gemuesekiste\\\/#primaryimage\",\"url\":\"https:\\\/\\\/www.fraulenz.de\\\/wp-content\\\/uploads\\\/2022\\\/04\\\/Gemuesekiste-Homepage-1-scaled.jpg\",\"contentUrl\":\"https:\\\/\\\/www.fraulenz.de\\\/wp-content\\\/uploads\\\/2022\\\/04\\\/Gemuesekiste-Homepage-1-scaled.jpg\",\"width\":2560,\"height\":1920},{\"@type\":\"BreadcrumbList\",\"@id\":\"https:\\\/\\\/www.fraulenz.de\\\/gemuesekiste\\\/#breadcrumb\",\"itemListElement\":[{\"@type\":\"ListItem\",\"position\":1,\"name\":\"Startseite\",\"item\":\"https:\\\/\\\/www.fraulenz.de\\\/\"},{\"@type\":\"ListItem\",\"position\":2,\"name\":\"Gem\u00fcsekiste\"}]},{\"@type\":\"WebSite\",\"@id\":\"https:\\\/\\\/www.fraulenz.de\\\/#website\",\"url\":\"https:\\\/\\\/www.fraulenz.de\\\/\",\"name\":\"Frau Lenz\",\"description\":\"Gem\u00fcse aus dem Donnersbergkreis\",\"publisher\":{\"@id\":\"https:\\\/\\\/www.fraulenz.de\\\/#organization\"},\"potentialAction\":[{\"@type\":\"SearchAction\",\"target\":{\"@type\":\"EntryPoint\",\"urlTemplate\":\"https:\\\/\\\/www.fraulenz.de\\\/?s={search_term_string}\"},\"query-input\":{\"@type\":\"PropertyValueSpecification\",\"valueRequired\":true,\"valueName\":\"search_term_string\"}}],\"inLanguage\":\"en-US\"},{\"@type\":\"Organization\",\"@id\":\"https:\\\/\\\/www.fraulenz.de\\\/#organization\",\"name\":\"Frau Lenz\",\"url\":\"https:\\\/\\\/www.fraulenz.de\\\/\",\"logo\":{\"@type\":\"ImageObject\",\"inLanguage\":\"en-US\",\"@id\":\"https:\\\/\\\/www.fraulenz.de\\\/#\\\/schema\\\/logo\\\/image\\\/\",\"url\":\"https:\\\/\\\/www.fraulenz.de\\\/wp-content\\\/uploads\\\/2026\\\/01\\\/Logo-FrauLenz.jpg\",\"contentUrl\":\"https:\\\/\\\/www.fraulenz.de\\\/wp-content\\\/uploads\\\/2026\\\/01\\\/Logo-FrauLenz.jpg\",\"width\":334,\"height\":266,\"caption\":\"Frau Lenz\"},\"image\":{\"@id\":\"https:\\\/\\\/www.fraulenz.de\\\/#\\\/schema\\\/logo\\\/image\\\/\"}}]}<\/script>\n<!-- \/ Yoast SEO plugin. -->","yoast_head_json":{"title":"Gem\u00fcsekiste - Frau Lenz","robots":{"index":"index","follow":"follow","max-snippet":"max-snippet:-1","max-image-preview":"max-image-preview:large","max-video-preview":"max-video-preview:-1"},"canonical":"https:\/\/www.fraulenz.de\/en\/gemuesekiste\/","og_locale":"en_US","og_type":"article","og_title":"Gem\u00fcsekiste - Frau Lenz","og_description":"Unsere Gem\u00fcsekisten \u2013 frisch vom Feld zu Dir!Ab 08. April liefern wir wieder unsere Gem\u00fcsekisten in die Depots in Kaiserslautern (Abholung Mi 18 - 22 Uhr oder Do ganzt\u00e4gig) und und M\u00fcnchweiler (Abholung Mi 18 - 22 Uhr oder Do ganzt\u00e4gig).Das Besondere: Du entscheidest selbst, welches Gem\u00fcse in Deine Kiste kommt. Im Online-Shop kannst Du [&hellip;]","og_url":"https:\/\/www.fraulenz.de\/en\/gemuesekiste\/","og_site_name":"Frau Lenz","article_modified_time":"2026-03-31T06:43:08+00:00","og_image":[{"width":2560,"height":1920,"url":"https:\/\/www.fraulenz.de\/wp-content\/uploads\/2022\/04\/Gemuesekiste-Homepage-1-scaled.jpg","type":"image\/jpeg"}],"twitter_card":"summary_large_image","twitter_misc":{"Est. reading time":"1 minute"},"schema":{"@context":"https:\/\/schema.org","@graph":[{"@type":"WebPage","@id":"https:\/\/www.fraulenz.de\/gemuesekiste\/","url":"https:\/\/www.fraulenz.de\/gemuesekiste\/","name":"Gem\u00fcsekiste - Frau Lenz","isPartOf":{"@id":"https:\/\/www.fraulenz.de\/#website"},"primaryImageOfPage":{"@id":"https:\/\/www.fraulenz.de\/gemuesekiste\/#primaryimage"},"image":{"@id":"https:\/\/www.fraulenz.de\/gemuesekiste\/#primaryimage"},"thumbnailUrl":"https:\/\/www.fraulenz.de\/wp-content\/uploads\/2022\/04\/Gemuesekiste-Homepage-1-scaled.jpg","datePublished":"2019-12-06T12:34:47+00:00","dateModified":"2026-03-31T06:43:08+00:00","breadcrumb":{"@id":"https:\/\/www.fraulenz.de\/gemuesekiste\/#breadcrumb"},"inLanguage":"en-US","potentialAction":[{"@type":"ReadAction","target":["https:\/\/www.fraulenz.de\/gemuesekiste\/"]}]},{"@type":"ImageObject","inLanguage":"en-US","@id":"https:\/\/www.fraulenz.de\/gemuesekiste\/#primaryimage","url":"https:\/\/www.fraulenz.de\/wp-content\/uploads\/2022\/04\/Gemuesekiste-Homepage-1-scaled.jpg","contentUrl":"https:\/\/www.fraulenz.de\/wp-content\/uploads\/2022\/04\/Gemuesekiste-Homepage-1-scaled.jpg","width":2560,"height":1920},{"@type":"BreadcrumbList","@id":"https:\/\/www.fraulenz.de\/gemuesekiste\/#breadcrumb","itemListElement":[{"@type":"ListItem","position":1,"name":"Startseite","item":"https:\/\/www.fraulenz.de\/"},{"@type":"ListItem","position":2,"name":"Gem\u00fcsekiste"}]},{"@type":"WebSite","@id":"https:\/\/www.fraulenz.de\/#website","url":"https:\/\/www.fraulenz.de\/","name":"Frau Lenz","description":"Gem\u00fcse aus dem Donnersbergkreis","publisher":{"@id":"https:\/\/www.fraulenz.de\/#organization"},"potentialAction":[{"@type":"SearchAction","target":{"@type":"EntryPoint","urlTemplate":"https:\/\/www.fraulenz.de\/?s={search_term_string}"},"query-input":{"@type":"PropertyValueSpecification","valueRequired":true,"valueName":"search_term_string"}}],"inLanguage":"en-US"},{"@type":"Organization","@id":"https:\/\/www.fraulenz.de\/#organization","name":"Frau Lenz","url":"https:\/\/www.fraulenz.de\/","logo":{"@type":"ImageObject","inLanguage":"en-US","@id":"https:\/\/www.fraulenz.de\/#\/schema\/logo\/image\/","url":"https:\/\/www.fraulenz.de\/wp-content\/uploads\/2026\/01\/Logo-FrauLenz.jpg","contentUrl":"https:\/\/www.fraulenz.de\/wp-content\/uploads\/2026\/01\/Logo-FrauLenz.jpg","width":334,"height":266,"caption":"Frau Lenz"},"image":{"@id":"https:\/\/www.fraulenz.de\/#\/schema\/logo\/image\/"}}]}},"_links":{"self":[{"href":"https:\/\/www.fraulenz.de\/en\/wp-json\/wp\/v2\/pages\/1542","targetHints":{"allow":["GET"]}}],"collection":[{"href":"https:\/\/www.fraulenz.de\/en\/wp-json\/wp\/v2\/pages"}],"about":[{"href":"https:\/\/www.fraulenz.de\/en\/wp-json\/wp\/v2\/types\/page"}],"author":[{"embeddable":true,"href":"https:\/\/www.fraulenz.de\/en\/wp-json\/wp\/v2\/users\/1"}],"replies":[{"embeddable":true,"href":"https:\/\/www.fraulenz.de\/en\/wp-json\/wp\/v2\/comments?post=1542"}],"version-history":[{"count":76,"href":"https:\/\/www.fraulenz.de\/en\/wp-json\/wp\/v2\/pages\/1542\/revisions"}],"predecessor-version":[{"id":3232,"href":"https:\/\/www.fraulenz.de\/en\/wp-json\/wp\/v2\/pages\/1542\/revisions\/3232"}],"wp:featuredmedia":[{"embeddable":true,"href":"https:\/\/www.fraulenz.de\/en\/wp-json\/wp\/v2\/media\/2488"}],"wp:attachment":[{"href":"https:\/\/www.fraulenz.de\/en\/wp-json\/wp\/v2\/media?parent=1542"}],"curies":[{"name":"wp","href":"https:\/\/api.w.org\/{rel}","templated":true}]}}