{"id":1991,"date":"2026-01-29T11:10:29","date_gmt":"2026-01-29T11:10:29","guid":{"rendered":"https:\/\/fraeulein-lenz.de\/?page_id=1991"},"modified":"2026-04-01T13:24:54","modified_gmt":"2026-04-01T13:24:54","slug":"offene-stellen","status":"publish","type":"page","link":"https:\/\/www.fraulenz.de\/en\/offene-stellen\/","title":{"rendered":"Work With Us!"},"content":{"rendered":"<p><\/p>\n\n\n\n<pre class=\"wp-block-preformatted\"><strong>Grow with Us in the Garden \ud83c\udf31<\/strong><br><br>In the long term, we\u2019re looking for people who <strong>enjoy working outdoors, growing vegetables,<\/strong> and <strong>taking on responsibility. <\/strong>We especially welcome individuals who can imagine helping to <strong>organize, manage, or even take on a leadership role in the garden in the future.<\/strong> If you have a vision for sustainable agriculture, enjoy hands-on work, and would like to become part of a dedicated team, feel free to reach out to us at info@fraulenz.de. <br><br><strong>Interships<\/strong><br>We also offer internships. If you\u2019d like to gain insights into running a <strong>market garden<\/strong> and enjoy working outdoors while learning new skills, we\u2019d love to hear from you. <strong>Just send us an email at info@fraulenz.de \ud83c\udf3f <\/strong><\/pre>","protected":false},"excerpt":{"rendered":"<p>Mitwirken im Garten von Frau Lenz &#x1f331;Langfristig w\u00fcnschen wir uns Verst\u00e4rkung von Menschen, die Freude daran haben, drau\u00dfen zu arbeiten, Gem\u00fcse anzubauen und Verantwortung zu \u00fcbernehmen. Besonders freuen wir uns \u00fcber Personen, die sich vorstellen k\u00f6nnen, den Garten perspektivisch mit zu organisieren, zu managen oder sogar eine betriebsleitende Funktion zu \u00fcbernehmen. Wenn Ihr Visionen f\u00fcr [&hellip;]<\/p>\n","protected":false},"author":1,"featured_media":0,"parent":0,"menu_order":0,"comment_status":"closed","ping_status":"closed","template":"","meta":{"footnotes":""},"class_list":["post-1991","page","type-page","status-publish","hentry","post-preview"],"yoast_head":"<!-- This site is optimized with the Yoast SEO plugin v27.3 - https:\/\/yoast.com\/product\/yoast-seo-wordpress\/ -->\n<title>Offene Stellen - Frau Lenz<\/title>\n<meta name=\"robots\" content=\"index, follow, max-snippet:-1, max-image-preview:large, max-video-preview:-1\" \/>\n<link rel=\"canonical\" href=\"https:\/\/www.fraulenz.de\/en\/offene-stellen\/\" \/>\n<meta property=\"og:locale\" content=\"en_US\" \/>\n<meta property=\"og:type\" content=\"article\" \/>\n<meta property=\"og:title\" content=\"Offene Stellen - Frau Lenz\" \/>\n<meta property=\"og:description\" content=\"Mitwirken im Garten von Frau Lenz &#x1f331;Langfristig w\u00fcnschen wir uns Verst\u00e4rkung von Menschen, die Freude daran haben, drau\u00dfen zu arbeiten, Gem\u00fcse anzubauen und Verantwortung zu \u00fcbernehmen. Besonders freuen wir uns \u00fcber Personen, die sich vorstellen k\u00f6nnen, den Garten perspektivisch mit zu organisieren, zu managen oder sogar eine betriebsleitende Funktion zu \u00fcbernehmen. Wenn Ihr Visionen f\u00fcr [&hellip;]\" \/>\n<meta property=\"og:url\" content=\"https:\/\/www.fraulenz.de\/en\/offene-stellen\/\" \/>\n<meta property=\"og:site_name\" content=\"Frau Lenz\" \/>\n<meta property=\"article:modified_time\" content=\"2026-04-01T13:24:54+00:00\" \/>\n<meta name=\"twitter:card\" content=\"summary_large_image\" \/>\n<meta name=\"twitter:label1\" content=\"Est. reading time\" \/>\n\t<meta name=\"twitter:data1\" content=\"1 minute\" \/>\n<script type=\"application\/ld+json\" class=\"yoast-schema-graph\">{\"@context\":\"https:\\\/\\\/schema.org\",\"@graph\":[{\"@type\":\"WebPage\",\"@id\":\"https:\\\/\\\/www.fraulenz.de\\\/offene-stellen\\\/\",\"url\":\"https:\\\/\\\/www.fraulenz.de\\\/offene-stellen\\\/\",\"name\":\"Offene Stellen - Frau Lenz\",\"isPartOf\":{\"@id\":\"https:\\\/\\\/www.fraulenz.de\\\/#website\"},\"datePublished\":\"2026-01-29T11:10:29+00:00\",\"dateModified\":\"2026-04-01T13:24:54+00:00\",\"breadcrumb\":{\"@id\":\"https:\\\/\\\/www.fraulenz.de\\\/offene-stellen\\\/#breadcrumb\"},\"inLanguage\":\"en-US\",\"potentialAction\":[{\"@type\":\"ReadAction\",\"target\":[\"https:\\\/\\\/www.fraulenz.de\\\/offene-stellen\\\/\"]}]},{\"@type\":\"BreadcrumbList\",\"@id\":\"https:\\\/\\\/www.fraulenz.de\\\/offene-stellen\\\/#breadcrumb\",\"itemListElement\":[{\"@type\":\"ListItem\",\"position\":1,\"name\":\"Startseite\",\"item\":\"https:\\\/\\\/www.fraulenz.de\\\/\"},{\"@type\":\"ListItem\",\"position\":2,\"name\":\"Offene Stellen\"}]},{\"@type\":\"WebSite\",\"@id\":\"https:\\\/\\\/www.fraulenz.de\\\/#website\",\"url\":\"https:\\\/\\\/www.fraulenz.de\\\/\",\"name\":\"Frau Lenz\",\"description\":\"Gem\u00fcse aus dem Donnersbergkreis\",\"publisher\":{\"@id\":\"https:\\\/\\\/www.fraulenz.de\\\/#organization\"},\"potentialAction\":[{\"@type\":\"SearchAction\",\"target\":{\"@type\":\"EntryPoint\",\"urlTemplate\":\"https:\\\/\\\/www.fraulenz.de\\\/?s={search_term_string}\"},\"query-input\":{\"@type\":\"PropertyValueSpecification\",\"valueRequired\":true,\"valueName\":\"search_term_string\"}}],\"inLanguage\":\"en-US\"},{\"@type\":\"Organization\",\"@id\":\"https:\\\/\\\/www.fraulenz.de\\\/#organization\",\"name\":\"Frau Lenz\",\"url\":\"https:\\\/\\\/www.fraulenz.de\\\/\",\"logo\":{\"@type\":\"ImageObject\",\"inLanguage\":\"en-US\",\"@id\":\"https:\\\/\\\/www.fraulenz.de\\\/#\\\/schema\\\/logo\\\/image\\\/\",\"url\":\"https:\\\/\\\/www.fraulenz.de\\\/wp-content\\\/uploads\\\/2026\\\/01\\\/Logo-FrauLenz.jpg\",\"contentUrl\":\"https:\\\/\\\/www.fraulenz.de\\\/wp-content\\\/uploads\\\/2026\\\/01\\\/Logo-FrauLenz.jpg\",\"width\":334,\"height\":266,\"caption\":\"Frau Lenz\"},\"image\":{\"@id\":\"https:\\\/\\\/www.fraulenz.de\\\/#\\\/schema\\\/logo\\\/image\\\/\"}}]}<\/script>\n<!-- \/ Yoast SEO plugin. -->","yoast_head_json":{"title":"Offene Stellen - Frau Lenz","robots":{"index":"index","follow":"follow","max-snippet":"max-snippet:-1","max-image-preview":"max-image-preview:large","max-video-preview":"max-video-preview:-1"},"canonical":"https:\/\/www.fraulenz.de\/en\/offene-stellen\/","og_locale":"en_US","og_type":"article","og_title":"Offene Stellen - Frau Lenz","og_description":"Mitwirken im Garten von Frau Lenz &#x1f331;Langfristig w\u00fcnschen wir uns Verst\u00e4rkung von Menschen, die Freude daran haben, drau\u00dfen zu arbeiten, Gem\u00fcse anzubauen und Verantwortung zu \u00fcbernehmen. Besonders freuen wir uns \u00fcber Personen, die sich vorstellen k\u00f6nnen, den Garten perspektivisch mit zu organisieren, zu managen oder sogar eine betriebsleitende Funktion zu \u00fcbernehmen. Wenn Ihr Visionen f\u00fcr [&hellip;]","og_url":"https:\/\/www.fraulenz.de\/en\/offene-stellen\/","og_site_name":"Frau Lenz","article_modified_time":"2026-04-01T13:24:54+00:00","twitter_card":"summary_large_image","twitter_misc":{"Est. reading time":"1 minute"},"schema":{"@context":"https:\/\/schema.org","@graph":[{"@type":"WebPage","@id":"https:\/\/www.fraulenz.de\/offene-stellen\/","url":"https:\/\/www.fraulenz.de\/offene-stellen\/","name":"Offene Stellen - Frau Lenz","isPartOf":{"@id":"https:\/\/www.fraulenz.de\/#website"},"datePublished":"2026-01-29T11:10:29+00:00","dateModified":"2026-04-01T13:24:54+00:00","breadcrumb":{"@id":"https:\/\/www.fraulenz.de\/offene-stellen\/#breadcrumb"},"inLanguage":"en-US","potentialAction":[{"@type":"ReadAction","target":["https:\/\/www.fraulenz.de\/offene-stellen\/"]}]},{"@type":"BreadcrumbList","@id":"https:\/\/www.fraulenz.de\/offene-stellen\/#breadcrumb","itemListElement":[{"@type":"ListItem","position":1,"name":"Startseite","item":"https:\/\/www.fraulenz.de\/"},{"@type":"ListItem","position":2,"name":"Offene Stellen"}]},{"@type":"WebSite","@id":"https:\/\/www.fraulenz.de\/#website","url":"https:\/\/www.fraulenz.de\/","name":"Frau Lenz","description":"Gem\u00fcse aus dem Donnersbergkreis","publisher":{"@id":"https:\/\/www.fraulenz.de\/#organization"},"potentialAction":[{"@type":"SearchAction","target":{"@type":"EntryPoint","urlTemplate":"https:\/\/www.fraulenz.de\/?s={search_term_string}"},"query-input":{"@type":"PropertyValueSpecification","valueRequired":true,"valueName":"search_term_string"}}],"inLanguage":"en-US"},{"@type":"Organization","@id":"https:\/\/www.fraulenz.de\/#organization","name":"Frau Lenz","url":"https:\/\/www.fraulenz.de\/","logo":{"@type":"ImageObject","inLanguage":"en-US","@id":"https:\/\/www.fraulenz.de\/#\/schema\/logo\/image\/","url":"https:\/\/www.fraulenz.de\/wp-content\/uploads\/2026\/01\/Logo-FrauLenz.jpg","contentUrl":"https:\/\/www.fraulenz.de\/wp-content\/uploads\/2026\/01\/Logo-FrauLenz.jpg","width":334,"height":266,"caption":"Frau Lenz"},"image":{"@id":"https:\/\/www.fraulenz.de\/#\/schema\/logo\/image\/"}}]}},"_links":{"self":[{"href":"https:\/\/www.fraulenz.de\/en\/wp-json\/wp\/v2\/pages\/1991","targetHints":{"allow":["GET"]}}],"collection":[{"href":"https:\/\/www.fraulenz.de\/en\/wp-json\/wp\/v2\/pages"}],"about":[{"href":"https:\/\/www.fraulenz.de\/en\/wp-json\/wp\/v2\/types\/page"}],"author":[{"embeddable":true,"href":"https:\/\/www.fraulenz.de\/en\/wp-json\/wp\/v2\/users\/1"}],"replies":[{"embeddable":true,"href":"https:\/\/www.fraulenz.de\/en\/wp-json\/wp\/v2\/comments?post=1991"}],"version-history":[{"count":6,"href":"https:\/\/www.fraulenz.de\/en\/wp-json\/wp\/v2\/pages\/1991\/revisions"}],"predecessor-version":[{"id":3236,"href":"https:\/\/www.fraulenz.de\/en\/wp-json\/wp\/v2\/pages\/1991\/revisions\/3236"}],"wp:attachment":[{"href":"https:\/\/www.fraulenz.de\/en\/wp-json\/wp\/v2\/media?parent=1991"}],"curies":[{"name":"wp","href":"https:\/\/api.w.org\/{rel}","templated":true}]}}