{"id":2,"date":"2016-05-10T03:48:21","date_gmt":"2016-05-10T03:48:21","guid":{"rendered":"http:\/\/wp452m.a10-52-158-154.qa.plesk.ru\/wordpress\/?page_id=2"},"modified":"2026-04-04T08:35:16","modified_gmt":"2026-04-04T08:35:16","slug":"sample-page","status":"publish","type":"page","link":"https:\/\/www.fraulenz.de\/en\/","title":{"rendered":""},"content":{"rendered":"<div class=\"mceTemp\">\u00a0<\/div>\n<p><img loading=\"lazy\" decoding=\"async\" class=\"size-full wp-image-2958\" src=\"https:\/\/fraeulein-lenz.de\/wp-content\/uploads\/2026\/01\/michaelmeyer-foto.com_FLenz_32-scaled.jpg\" alt=\"\" width=\"2560\" height=\"1707\" srcset=\"https:\/\/www.fraulenz.de\/wp-content\/uploads\/2026\/01\/michaelmeyer-foto.com_FLenz_32-scaled.jpg 2560w, https:\/\/www.fraulenz.de\/wp-content\/uploads\/2026\/01\/michaelmeyer-foto.com_FLenz_32-300x200.jpg 300w, https:\/\/www.fraulenz.de\/wp-content\/uploads\/2026\/01\/michaelmeyer-foto.com_FLenz_32-1024x683.jpg 1024w, https:\/\/www.fraulenz.de\/wp-content\/uploads\/2026\/01\/michaelmeyer-foto.com_FLenz_32-768x512.jpg 768w, https:\/\/www.fraulenz.de\/wp-content\/uploads\/2026\/01\/michaelmeyer-foto.com_FLenz_32-1536x1024.jpg 1536w, https:\/\/www.fraulenz.de\/wp-content\/uploads\/2026\/01\/michaelmeyer-foto.com_FLenz_32-2048x1366.jpg 2048w, https:\/\/www.fraulenz.de\/wp-content\/uploads\/2026\/01\/michaelmeyer-foto.com_FLenz_32-676x451.jpg 676w\" sizes=\"auto, (max-width: 2560px) 100vw, 2560px\" \/><\/p>\n<pre class=\"mceTemp\"><strong>Hi community<em>, <\/em>hi veggie-lovers!<\/strong> <br \/><br \/>The past ten years have been both wonderful and challenging: shaped by enthusiasm, drive, and a deep passion for sustainable agriculture\u2014but also marked by moments of overwhelm. Our commitment has always been to work in a way that is both high-quality and ecologically responsible.<br \/>That\u2019s why we\u2019ve reimagined our business. <strong>Fr\u00e4ulein Lenz is now becoming Frau Lenz!<\/strong><br \/><br \/>You can still get our vegetables through the market day or our produce box. <strong>What\u2019s new is our self-harvest option (check out more under \"self-harvest\").<br \/><\/strong>Take a look - we\u2019d love to have you with us!<\/pre>\n<pre><span style=\"color: #000000;\"><strong>Our Team (Season 2024\/2025) New pictures coming soon!<br \/><br \/><\/strong>Carla, Lisa, Freya, Rebecca &amp; Catie <img loading=\"lazy\" decoding=\"async\" class=\"aligncenter wp-image-2866 size-full\" src=\"https:\/\/fraeulein-lenz.de\/wp-content\/uploads\/2024\/12\/IMG_5202-scaled-e1734440967351.jpeg\" alt=\"\" width=\"1571\" height=\"1528\" srcset=\"https:\/\/www.fraulenz.de\/wp-content\/uploads\/2024\/12\/IMG_5202-scaled-e1734440967351.jpeg 1571w, https:\/\/www.fraulenz.de\/wp-content\/uploads\/2024\/12\/IMG_5202-scaled-e1734440967351-300x292.jpeg 300w, https:\/\/www.fraulenz.de\/wp-content\/uploads\/2024\/12\/IMG_5202-scaled-e1734440967351-1024x996.jpeg 1024w, https:\/\/www.fraulenz.de\/wp-content\/uploads\/2024\/12\/IMG_5202-scaled-e1734440967351-768x747.jpeg 768w, https:\/\/www.fraulenz.de\/wp-content\/uploads\/2024\/12\/IMG_5202-scaled-e1734440967351-1536x1494.jpeg 1536w, https:\/\/www.fraulenz.de\/wp-content\/uploads\/2024\/12\/IMG_5202-scaled-e1734440967351-676x657.jpeg 676w\" sizes=\"auto, (max-width: 1571px) 100vw, 1571px\" \/>  \n<\/span><\/pre>\n<pre><span style=\"color: #000000;\"><strong>Our Locally Grown Vegetables<br \/><br \/><\/strong>In our Market Garden vegetables are grown with <strong>care, respect for nature, and lots of hands-on work.<\/strong><br \/><br \/>In our cultivation, we pay attention to a balanced crop rotation and regularly use green manures to maintain long-term soil fertility. We do not use chemical pesticides. Instead, we strengthen our plants naturally: we fertilize with our own compost as well as purely plant-based, organic-certified fertilizers and soil activators. Additionally, we use plant-based liquid manures.<br \/><br \/>To prevent and support against fungal diseases or pest infestations, we rely on proven natural methods such as herbal teas and beneficial insects.<br \/><br \/>We grow most of our seedlings ourselves from open-pollinated organic seeds from Bingenheimer, Sativa, and ReinSaat. This ensures that exactly what we carefully sow will grow.<br \/>Depending on the season and crop, we complement our selection with purchased seedlings from Germany, exclusively from organic-certified farms.<br \/><br \/>In this way, we combine traditional cultivation methods with modern insights from ecological vegetable farming\u2014for healthy vegetables grown responsibly and with passion.<\/span>\n<\/pre>\n<pre style=\"text-align: center;\"><span style=\"color: #000000;\"><img loading=\"lazy\" decoding=\"async\" class=\"aligncenter wp-image-1494 size-full\" src=\"https:\/\/fraeulein-lenz.de\/wp-content\/uploads\/2019\/10\/IMG_0470.jpg\" alt=\"\" width=\"4032\" height=\"3024\" srcset=\"https:\/\/www.fraulenz.de\/wp-content\/uploads\/2019\/10\/IMG_0470.jpg 4032w, https:\/\/www.fraulenz.de\/wp-content\/uploads\/2019\/10\/IMG_0470-300x225.jpg 300w, https:\/\/www.fraulenz.de\/wp-content\/uploads\/2019\/10\/IMG_0470-768x576.jpg 768w, https:\/\/www.fraulenz.de\/wp-content\/uploads\/2019\/10\/IMG_0470-1024x768.jpg 1024w, https:\/\/www.fraulenz.de\/wp-content\/uploads\/2019\/10\/IMG_0470-676x507.jpg 676w\" sizes=\"auto, (max-width: 4032px) 100vw, 4032px\" \/><\/span><strong><span style=\"color: #000000;\">\nJoin us on our first <span style=\"caret-color: #000000;\">Market Day<\/span> <\/span><\/strong><span style=\"color: #000000;\">on <\/span><strong><span style=\"color: #000000;\">May 8th 2026 and then every Friday from 3:30 p.m. to 6:00\u202fp.m.!  <br \/><\/span><\/strong><\/pre>\n<pre style=\"text-align: center;\"><br \/><img loading=\"lazy\" decoding=\"async\" class=\"aligncenter wp-image-2488 size-full\" src=\"https:\/\/fraeulein-lenz.de\/wp-content\/uploads\/2022\/04\/Gemuesekiste-Homepage-1-scaled.jpg\" alt=\"\" width=\"2560\" height=\"1920\" srcset=\"https:\/\/www.fraulenz.de\/wp-content\/uploads\/2022\/04\/Gemuesekiste-Homepage-1-scaled.jpg 2560w, https:\/\/www.fraulenz.de\/wp-content\/uploads\/2022\/04\/Gemuesekiste-Homepage-1-300x225.jpg 300w, https:\/\/www.fraulenz.de\/wp-content\/uploads\/2022\/04\/Gemuesekiste-Homepage-1-1024x768.jpg 1024w, https:\/\/www.fraulenz.de\/wp-content\/uploads\/2022\/04\/Gemuesekiste-Homepage-1-768x576.jpg 768w, https:\/\/www.fraulenz.de\/wp-content\/uploads\/2022\/04\/Gemuesekiste-Homepage-1-1536x1152.jpg 1536w, https:\/\/www.fraulenz.de\/wp-content\/uploads\/2022\/04\/Gemuesekiste-Homepage-1-2048x1536.jpg 2048w, https:\/\/www.fraulenz.de\/wp-content\/uploads\/2022\/04\/Gemuesekiste-Homepage-1-676x507.jpg 676w\" sizes=\"auto, (max-width: 2560px) 100vw, 2560px\" \/>\n<span style=\"color: #000000;\"><span style=\"caret-color: #000000;\">We'll start our<\/span> <\/span><strong><span style=\"color: #000000;\">CSA boxes <\/span><\/strong><span style=\"color: #000000;\">on<\/span><strong><span style=\"color: #000000;\"> April 4th, 2026! <\/span><\/strong><\/pre>\n<pre style=\"text-align: center;\"><strong><span style=\"color: #000000;\"><br \/>Frau Lenz vegetables are also served in local restaurants! <\/span><\/strong><span style=\"color: #000000;\"><img loading=\"lazy\" decoding=\"async\" class=\"aligncenter wp-image-2399 size-full\" src=\"https:\/\/fraeulein-lenz.de\/wp-content\/uploads\/2022\/03\/Bildschirmfoto-2022-03-08-um-19.04.01.png\" alt=\"\" width=\"906\" height=\"972\" srcset=\"https:\/\/www.fraulenz.de\/wp-content\/uploads\/2022\/03\/Bildschirmfoto-2022-03-08-um-19.04.01.png 906w, https:\/\/www.fraulenz.de\/wp-content\/uploads\/2022\/03\/Bildschirmfoto-2022-03-08-um-19.04.01-280x300.png 280w, https:\/\/www.fraulenz.de\/wp-content\/uploads\/2022\/03\/Bildschirmfoto-2022-03-08-um-19.04.01-768x824.png 768w, https:\/\/www.fraulenz.de\/wp-content\/uploads\/2022\/03\/Bildschirmfoto-2022-03-08-um-19.04.01-676x725.png 676w\" sizes=\"auto, (max-width: 906px) 100vw, 906px\" \/>\nAt <span style=\"color: #339966;\"><a style=\"color: #339966;\" href=\"https:\/\/www.klostermuehle.com\/de\/restaurant\" target=\"_blank\" rel=\"noopener\">Klosterm\u00fchle<\/a><\/span> head chef Michael Brehm and his team create exquisite dishes using freshly harvested Frau Lenz vegetables and other carefully selected ingredients. The culinary experience can be perfectly enjoyed on a mild summer evening on the terrace, with views of the park and the adjacent vegetable garden.\n\n<img loading=\"lazy\" decoding=\"async\" class=\"aligncenter wp-image-2278 size-large\" src=\"https:\/\/fraeulein-lenz.de\/wp-content\/uploads\/2021\/09\/Bildschirmfoto-2021-09-01-um-06.37.30-1024x674.png\" alt=\"\" width=\"676\" height=\"445\" srcset=\"https:\/\/www.fraulenz.de\/wp-content\/uploads\/2021\/09\/Bildschirmfoto-2021-09-01-um-06.37.30-1024x674.png 1024w, https:\/\/www.fraulenz.de\/wp-content\/uploads\/2021\/09\/Bildschirmfoto-2021-09-01-um-06.37.30-300x197.png 300w, https:\/\/www.fraulenz.de\/wp-content\/uploads\/2021\/09\/Bildschirmfoto-2021-09-01-um-06.37.30-768x505.png 768w, https:\/\/www.fraulenz.de\/wp-content\/uploads\/2021\/09\/Bildschirmfoto-2021-09-01-um-06.37.30-676x445.png 676w, https:\/\/www.fraulenz.de\/wp-content\/uploads\/2021\/09\/Bildschirmfoto-2021-09-01-um-06.37.30.png 1268w\" sizes=\"auto, (max-width: 676px) 100vw, 676px\" \/>\nWe're always delighted to supply Herr Jacobs\u2019 kitchen with our vegetables. <span style=\"color: #008000;\"><a style=\"color: #008000;\" href=\"https:\/\/stadthotel-kl.de\" target=\"_blank\" rel=\"noopener\">Herr Jacobs<\/a><\/span> cuisine is regional, diverse, and transparent; the bistro is charming and inviting, the head chef warm, and the dishes a true delight.\n\n<img loading=\"lazy\" decoding=\"async\" class=\"aligncenter size-full wp-image-2454\" src=\"https:\/\/fraeulein-lenz.de\/wp-content\/uploads\/2022\/04\/Bildschirmfoto-2022-04-23-um-11.18.05.png\" alt=\"\" width=\"1902\" height=\"1008\" srcset=\"https:\/\/www.fraulenz.de\/wp-content\/uploads\/2022\/04\/Bildschirmfoto-2022-04-23-um-11.18.05.png 1902w, https:\/\/www.fraulenz.de\/wp-content\/uploads\/2022\/04\/Bildschirmfoto-2022-04-23-um-11.18.05-300x159.png 300w, https:\/\/www.fraulenz.de\/wp-content\/uploads\/2022\/04\/Bildschirmfoto-2022-04-23-um-11.18.05-1024x543.png 1024w, https:\/\/www.fraulenz.de\/wp-content\/uploads\/2022\/04\/Bildschirmfoto-2022-04-23-um-11.18.05-768x407.png 768w, https:\/\/www.fraulenz.de\/wp-content\/uploads\/2022\/04\/Bildschirmfoto-2022-04-23-um-11.18.05-1536x814.png 1536w, https:\/\/www.fraulenz.de\/wp-content\/uploads\/2022\/04\/Bildschirmfoto-2022-04-23-um-11.18.05-676x358.png 676w\" sizes=\"auto, (max-width: 1902px) 100vw, 1902px\" \/>\nWant to spent some time in nature? <span style=\"color: #008000;\"><a style=\"color: #008000;\" href=\"https:\/\/naturresort-waldglueck.de\" target=\"_blank\" rel=\"noopener\">Naturresort Waldgl\u00fcck<\/a><\/span> is a wonderful place in Sippersfeld, where you\u2019ll find warm hosts and a beautiful setting. You can stop by for a short visit, spend a few days enjoying nature, or dine and celebrate in the renovated country inn. Frau Lenz vegetables are also on the menu!<\/span><\/pre>\n<p><img loading=\"lazy\" decoding=\"async\" class=\"aligncenter wp-image-3242 size-full\" src=\"https:\/\/www.fraulenz.de\/wp-content\/uploads\/2026\/04\/Lenz-Instagram-Bildschirmfoto.jpg\" alt=\"\" width=\"2152\" height=\"1538\" srcset=\"https:\/\/www.fraulenz.de\/wp-content\/uploads\/2026\/04\/Lenz-Instagram-Bildschirmfoto.jpg 2152w, https:\/\/www.fraulenz.de\/wp-content\/uploads\/2026\/04\/Lenz-Instagram-Bildschirmfoto-300x214.jpg 300w, https:\/\/www.fraulenz.de\/wp-content\/uploads\/2026\/04\/Lenz-Instagram-Bildschirmfoto-1024x732.jpg 1024w, https:\/\/www.fraulenz.de\/wp-content\/uploads\/2026\/04\/Lenz-Instagram-Bildschirmfoto-768x549.jpg 768w, https:\/\/www.fraulenz.de\/wp-content\/uploads\/2026\/04\/Lenz-Instagram-Bildschirmfoto-1536x1098.jpg 1536w, https:\/\/www.fraulenz.de\/wp-content\/uploads\/2026\/04\/Lenz-Instagram-Bildschirmfoto-2048x1464.jpg 2048w, https:\/\/www.fraulenz.de\/wp-content\/uploads\/2026\/04\/Lenz-Instagram-Bildschirmfoto-18x12.jpg 18w, https:\/\/www.fraulenz.de\/wp-content\/uploads\/2026\/04\/Lenz-Instagram-Bildschirmfoto-676x483.jpg 676w\" sizes=\"auto, (max-width: 2152px) 100vw, 2152px\" \/><\/p>\n<pre><span style=\"color: #000000;\"><span style=\"font-family: Menlo, Consolas, monaco, monospace;\">Find us on our<\/span><span style=\"color: #008000;\"> <strong><a style=\"color: #008000;\" href=\"https:\/\/www.facebook.com\/frau.lenz.gemuese\/\" target=\"_blank\" rel=\"noopener noreferrer\">Facebook<\/a><\/strong> <\/span><span style=\"font-family: Menlo, Consolas, monaco, monospace;\">&amp; <\/span><a style=\"font-family: Menlo, Consolas, monaco, monospace;\" href=\"https:\/\/www.instagram.com\/frau.lenz.gemuese\/?hl=de\"><strong><span style=\"color: #008000;\">Instagram<\/span><\/strong><\/a><span style=\"font-family: Menlo, Consolas, monaco, monospace;\"> and find out more about our <\/span><strong style=\"font-family: Menlo, Consolas, monaco, monospace;\">daily work in the garden,<\/strong><span style=\"font-family: Menlo, Consolas, monaco, monospace;\"> and stay updates on all news!<\/span><br \/><br \/>If you'd like to receive <strong>regular updates about our harvest and market days<\/strong> feel free to subscribe to our <strong data-start=\"288\" data-end=\"302\">Newsletter<\/strong> on the bottom of our Website or send us an email at info@fraulenz.de<\/span>\n\n<span style=\"color: #000000;\">We're excited to meet you!<\/span>\n\n<span style=\"color: #000000;\">Carla &amp; Team<\/span><\/pre>\n<p><!--more--><\/p>\n<p><!--more--><\/p>\n<p><span style=\"color: #000000;\">\u00a0<\/span><\/p>\n\n\n<!--more-->","protected":false},"excerpt":{"rendered":"<p>\u00a0 Liebe Lenzg\u00e4ngerInnen, liebe FreundInnen des guten Gem\u00fcses, Die vergangenen zehn Jahre waren wundervoll und herausfordernd zugleich: gepr\u00e4gt von Begeisterung, Tatendrang und der gro\u00dfen Freude an nachhaltiger Landwirtschaft \u2013 aber auch von Momenten der \u00dcberforderung. Qualitativ hochwertig und \u00f6kologisch zu arbeiten war stets unser Anspruch.Deshalb haben wir den Betrieb neu gedacht. Aus Fr\u00e4ulein Lenz wird [&hellip;]<\/p>\n","protected":false},"author":1,"featured_media":0,"parent":0,"menu_order":0,"comment_status":"closed","ping_status":"open","template":"","meta":{"footnotes":""},"class_list":["post-2","page","type-page","status-publish","hentry","post-preview"],"yoast_head":"<!-- This site is optimized with the Yoast SEO plugin v27.3 - https:\/\/yoast.com\/product\/yoast-seo-wordpress\/ -->\n<title>- Frau Lenz<\/title>\n<meta name=\"robots\" content=\"index, follow, max-snippet:-1, max-image-preview:large, max-video-preview:-1\" \/>\n<link rel=\"canonical\" href=\"https:\/\/www.fraulenz.de\/en\/\" \/>\n<meta property=\"og:locale\" content=\"en_US\" \/>\n<meta property=\"og:type\" content=\"article\" \/>\n<meta property=\"og:title\" content=\"- Frau Lenz\" \/>\n<meta property=\"og:description\" content=\"\u00a0 Liebe Lenzg\u00e4ngerInnen, liebe FreundInnen des guten Gem\u00fcses, Die vergangenen zehn Jahre waren wundervoll und herausfordernd zugleich: gepr\u00e4gt von Begeisterung, Tatendrang und der gro\u00dfen Freude an nachhaltiger Landwirtschaft \u2013 aber auch von Momenten der \u00dcberforderung. Qualitativ hochwertig und \u00f6kologisch zu arbeiten war stets unser Anspruch.Deshalb haben wir den Betrieb neu gedacht. Aus Fr\u00e4ulein Lenz wird [&hellip;]\" \/>\n<meta property=\"og:url\" content=\"https:\/\/www.fraulenz.de\/en\/\" \/>\n<meta property=\"og:site_name\" content=\"Frau Lenz\" \/>\n<meta property=\"article:modified_time\" content=\"2026-04-04T08:35:16+00:00\" \/>\n<meta property=\"og:image\" content=\"https:\/\/www.fraulenz.de\/wp-content\/uploads\/2026\/01\/michaelmeyer-foto.com_FLenz_32-scaled.jpg\" \/>\n\t<meta property=\"og:image:width\" content=\"2560\" \/>\n\t<meta property=\"og:image:height\" content=\"1707\" \/>\n\t<meta property=\"og:image:type\" content=\"image\/jpeg\" \/>\n<meta name=\"twitter:card\" content=\"summary_large_image\" \/>\n<meta name=\"twitter:label1\" content=\"Est. reading time\" \/>\n\t<meta name=\"twitter:data1\" content=\"5 minutes\" \/>\n<script type=\"application\/ld+json\" class=\"yoast-schema-graph\">{\"@context\":\"https:\\\/\\\/schema.org\",\"@graph\":[{\"@type\":\"WebPage\",\"@id\":\"https:\\\/\\\/www.fraulenz.de\\\/\",\"url\":\"https:\\\/\\\/www.fraulenz.de\\\/\",\"name\":\"- Frau Lenz\",\"isPartOf\":{\"@id\":\"https:\\\/\\\/www.fraulenz.de\\\/#website\"},\"primaryImageOfPage\":{\"@id\":\"https:\\\/\\\/www.fraulenz.de\\\/#primaryimage\"},\"image\":{\"@id\":\"https:\\\/\\\/www.fraulenz.de\\\/#primaryimage\"},\"thumbnailUrl\":\"https:\\\/\\\/fraeulein-lenz.de\\\/wp-content\\\/uploads\\\/2026\\\/01\\\/michaelmeyer-foto.com_FLenz_32-scaled.jpg\",\"datePublished\":\"2016-05-10T03:48:21+00:00\",\"dateModified\":\"2026-04-04T08:35:16+00:00\",\"inLanguage\":\"en-US\",\"potentialAction\":[{\"@type\":\"ReadAction\",\"target\":[\"https:\\\/\\\/www.fraulenz.de\\\/\"]}]},{\"@type\":\"ImageObject\",\"inLanguage\":\"en-US\",\"@id\":\"https:\\\/\\\/www.fraulenz.de\\\/#primaryimage\",\"url\":\"https:\\\/\\\/fraeulein-lenz.de\\\/wp-content\\\/uploads\\\/2026\\\/01\\\/michaelmeyer-foto.com_FLenz_32-scaled.jpg\",\"contentUrl\":\"https:\\\/\\\/fraeulein-lenz.de\\\/wp-content\\\/uploads\\\/2026\\\/01\\\/michaelmeyer-foto.com_FLenz_32-scaled.jpg\"},{\"@type\":\"WebSite\",\"@id\":\"https:\\\/\\\/www.fraulenz.de\\\/#website\",\"url\":\"https:\\\/\\\/www.fraulenz.de\\\/\",\"name\":\"Frau Lenz\",\"description\":\"Gem\u00fcse aus dem Donnersbergkreis\",\"publisher\":{\"@id\":\"https:\\\/\\\/www.fraulenz.de\\\/#organization\"},\"potentialAction\":[{\"@type\":\"SearchAction\",\"target\":{\"@type\":\"EntryPoint\",\"urlTemplate\":\"https:\\\/\\\/www.fraulenz.de\\\/?s={search_term_string}\"},\"query-input\":{\"@type\":\"PropertyValueSpecification\",\"valueRequired\":true,\"valueName\":\"search_term_string\"}}],\"inLanguage\":\"en-US\"},{\"@type\":\"Organization\",\"@id\":\"https:\\\/\\\/www.fraulenz.de\\\/#organization\",\"name\":\"Frau Lenz\",\"url\":\"https:\\\/\\\/www.fraulenz.de\\\/\",\"logo\":{\"@type\":\"ImageObject\",\"inLanguage\":\"en-US\",\"@id\":\"https:\\\/\\\/www.fraulenz.de\\\/#\\\/schema\\\/logo\\\/image\\\/\",\"url\":\"https:\\\/\\\/www.fraulenz.de\\\/wp-content\\\/uploads\\\/2026\\\/01\\\/Logo-FrauLenz.jpg\",\"contentUrl\":\"https:\\\/\\\/www.fraulenz.de\\\/wp-content\\\/uploads\\\/2026\\\/01\\\/Logo-FrauLenz.jpg\",\"width\":334,\"height\":266,\"caption\":\"Frau Lenz\"},\"image\":{\"@id\":\"https:\\\/\\\/www.fraulenz.de\\\/#\\\/schema\\\/logo\\\/image\\\/\"}}]}<\/script>\n<!-- \/ Yoast SEO plugin. -->","yoast_head_json":{"title":"- Frau Lenz","robots":{"index":"index","follow":"follow","max-snippet":"max-snippet:-1","max-image-preview":"max-image-preview:large","max-video-preview":"max-video-preview:-1"},"canonical":"https:\/\/www.fraulenz.de\/en\/","og_locale":"en_US","og_type":"article","og_title":"- Frau Lenz","og_description":"\u00a0 Liebe Lenzg\u00e4ngerInnen, liebe FreundInnen des guten Gem\u00fcses, Die vergangenen zehn Jahre waren wundervoll und herausfordernd zugleich: gepr\u00e4gt von Begeisterung, Tatendrang und der gro\u00dfen Freude an nachhaltiger Landwirtschaft \u2013 aber auch von Momenten der \u00dcberforderung. Qualitativ hochwertig und \u00f6kologisch zu arbeiten war stets unser Anspruch.Deshalb haben wir den Betrieb neu gedacht. Aus Fr\u00e4ulein Lenz wird [&hellip;]","og_url":"https:\/\/www.fraulenz.de\/en\/","og_site_name":"Frau Lenz","article_modified_time":"2026-04-04T08:35:16+00:00","og_image":[{"width":2560,"height":1707,"url":"https:\/\/www.fraulenz.de\/wp-content\/uploads\/2026\/01\/michaelmeyer-foto.com_FLenz_32-scaled.jpg","type":"image\/jpeg"}],"twitter_card":"summary_large_image","twitter_misc":{"Est. reading time":"5 minutes"},"schema":{"@context":"https:\/\/schema.org","@graph":[{"@type":"WebPage","@id":"https:\/\/www.fraulenz.de\/","url":"https:\/\/www.fraulenz.de\/","name":"- Frau Lenz","isPartOf":{"@id":"https:\/\/www.fraulenz.de\/#website"},"primaryImageOfPage":{"@id":"https:\/\/www.fraulenz.de\/#primaryimage"},"image":{"@id":"https:\/\/www.fraulenz.de\/#primaryimage"},"thumbnailUrl":"https:\/\/fraeulein-lenz.de\/wp-content\/uploads\/2026\/01\/michaelmeyer-foto.com_FLenz_32-scaled.jpg","datePublished":"2016-05-10T03:48:21+00:00","dateModified":"2026-04-04T08:35:16+00:00","inLanguage":"en-US","potentialAction":[{"@type":"ReadAction","target":["https:\/\/www.fraulenz.de\/"]}]},{"@type":"ImageObject","inLanguage":"en-US","@id":"https:\/\/www.fraulenz.de\/#primaryimage","url":"https:\/\/fraeulein-lenz.de\/wp-content\/uploads\/2026\/01\/michaelmeyer-foto.com_FLenz_32-scaled.jpg","contentUrl":"https:\/\/fraeulein-lenz.de\/wp-content\/uploads\/2026\/01\/michaelmeyer-foto.com_FLenz_32-scaled.jpg"},{"@type":"WebSite","@id":"https:\/\/www.fraulenz.de\/#website","url":"https:\/\/www.fraulenz.de\/","name":"Frau Lenz","description":"Gem\u00fcse aus dem Donnersbergkreis","publisher":{"@id":"https:\/\/www.fraulenz.de\/#organization"},"potentialAction":[{"@type":"SearchAction","target":{"@type":"EntryPoint","urlTemplate":"https:\/\/www.fraulenz.de\/?s={search_term_string}"},"query-input":{"@type":"PropertyValueSpecification","valueRequired":true,"valueName":"search_term_string"}}],"inLanguage":"en-US"},{"@type":"Organization","@id":"https:\/\/www.fraulenz.de\/#organization","name":"Frau Lenz","url":"https:\/\/www.fraulenz.de\/","logo":{"@type":"ImageObject","inLanguage":"en-US","@id":"https:\/\/www.fraulenz.de\/#\/schema\/logo\/image\/","url":"https:\/\/www.fraulenz.de\/wp-content\/uploads\/2026\/01\/Logo-FrauLenz.jpg","contentUrl":"https:\/\/www.fraulenz.de\/wp-content\/uploads\/2026\/01\/Logo-FrauLenz.jpg","width":334,"height":266,"caption":"Frau Lenz"},"image":{"@id":"https:\/\/www.fraulenz.de\/#\/schema\/logo\/image\/"}}]}},"_links":{"self":[{"href":"https:\/\/www.fraulenz.de\/en\/wp-json\/wp\/v2\/pages\/2","targetHints":{"allow":["GET"]}}],"collection":[{"href":"https:\/\/www.fraulenz.de\/en\/wp-json\/wp\/v2\/pages"}],"about":[{"href":"https:\/\/www.fraulenz.de\/en\/wp-json\/wp\/v2\/types\/page"}],"author":[{"embeddable":true,"href":"https:\/\/www.fraulenz.de\/en\/wp-json\/wp\/v2\/users\/1"}],"replies":[{"embeddable":true,"href":"https:\/\/www.fraulenz.de\/en\/wp-json\/wp\/v2\/comments?post=2"}],"version-history":[{"count":241,"href":"https:\/\/www.fraulenz.de\/en\/wp-json\/wp\/v2\/pages\/2\/revisions"}],"predecessor-version":[{"id":3248,"href":"https:\/\/www.fraulenz.de\/en\/wp-json\/wp\/v2\/pages\/2\/revisions\/3248"}],"wp:attachment":[{"href":"https:\/\/www.fraulenz.de\/en\/wp-json\/wp\/v2\/media?parent=2"}],"curies":[{"name":"wp","href":"https:\/\/api.w.org\/{rel}","templated":true}]}}