{"id":2978,"date":"2026-01-29T10:49:22","date_gmt":"2026-01-29T10:49:22","guid":{"rendered":"https:\/\/fraeulein-lenz.de\/?page_id=2978"},"modified":"2026-03-13T13:21:05","modified_gmt":"2026-03-13T13:21:05","slug":"selbsternte-anteile","status":"publish","type":"page","link":"https:\/\/www.fraulenz.de\/en\/selbsternte-anteile\/","title":{"rendered":"Self-Harvest"},"content":{"rendered":"<pre class=\"wp-block-preformatted has-white-background-color has-background\"><img loading=\"lazy\" decoding=\"async\" width=\"240\" height=\"250\" class=\"wp-image-2946\" style=\"width: 240px;\" src=\"https:\/\/fraeulein-lenz.de\/wp-content\/uploads\/2025\/10\/IMG_7236-scaled-e1769683703552.jpeg\" alt=\"\" srcset=\"https:\/\/www.fraulenz.de\/wp-content\/uploads\/2025\/10\/IMG_7236-scaled-e1769683703552.jpeg 1455w, https:\/\/www.fraulenz.de\/wp-content\/uploads\/2025\/10\/IMG_7236-scaled-e1769683703552-288x300.jpeg 288w, https:\/\/www.fraulenz.de\/wp-content\/uploads\/2025\/10\/IMG_7236-scaled-e1769683703552-983x1024.jpeg 983w, https:\/\/www.fraulenz.de\/wp-content\/uploads\/2025\/10\/IMG_7236-scaled-e1769683703552-768x800.jpeg 768w, https:\/\/www.fraulenz.de\/wp-content\/uploads\/2025\/10\/IMG_7236-scaled-e1769683703552-676x704.jpeg 676w\" sizes=\"auto, (max-width: 240px) 100vw, 240px\" \/><br><strong><br>Harvest your own veggies with us! \ud83c\udf31<\/strong><br><br>Our garden is right <strong>in the heart of nature <\/strong>set along the Alsenz, surrounded by meadows, trees, and <strong>fresh air.<\/strong> Stroll through the garden, <strong>learn what\u2019s currently growing,<\/strong> and harvest your own vegetables <strong>straight from the field<\/strong> \u2014 turning your grocery run into a <strong>little nature escape.<\/strong> <br><br><strong>From April through December, <\/strong>you can harvest your own produce with us. Each week, you simply pick what you need for your household <strong>\u2014fresh, seasonal, and full of flavor.<\/strong><br><br>Before you get started, you\u2019ll receive a short introduction to the garden and the harvesting process, so you know exactly what to look out for. After that, you\u2019re free to harvest your selection of vegetables directly from the beds<strong>throughout the entire season.<\/strong> The harvest quantity is based on trust.<br><br><strong>The right fit for every kind of veggie lover: <\/strong><br><br><strong>\ud83e\udedb Veggie Snacker<\/strong>Veggies are more of a side dish for you - you only need smaller amounts.<br><br><strong>\ud83e\udedb\ud83e\udedb Veggie Fan<\/strong> You enjoy cooking fresh meals, and vegetables are a regular part of your diet.<br><br><strong>\ud83e\udedb\ud83e\udedb\ud83e\udedb Veggie Lover<\/strong> You love vegetables in all their forms\u2014veggies are always on your table. Expect a wide variety for true veggie enthusiasts!<br><br>Our garden is easy to reach: the M\u00fcnchweiler train station is only about a <strong>7-minute walk<\/strong> from Frau Lenz. <br><br><strong>What self-harvesting means:<\/strong><br>* fresh vegetables straight from the field<br>* seasonal variety &amp; diversity<br>* movement &amp; fresh air<br>* time spent in nature in a weekly basis<br>* gaining new experiences and learning how vegetables grow and are harvested   <br>  *** FUN!<br><br><strong>Stop by, explore our garden - and harvest your vegetables right where they grow. \ud83c\udf31 <\/strong><br><br>You can find all details and guidelines <a href=\"https:\/\/www.fraulenz.de\/wp-content\/uploads\/2026\/04\/Selbsternte-3.0-englisch.pdf\"><strong><mark style=\"background-color:#ffffff;color:#3c801a\" class=\"has-inline-color\">here.<\/mark><\/strong><\/a><mark style=\"background-color:rgba(0, 0, 0, 0);color:#3c801a\" class=\"has-inline-color\"> <\/mark><br><br><div class=\"forminator-ui forminator-custom-form forminator-custom-form-3165 forminator-design--default  forminator_ajax\" data-forminator-render=\"0\" data-form=\"forminator-module-3165\" data-uid=\"69d4c6686152c\"><br\/><\/div><form\n\t\t\t\tid=\"forminator-module-3165\"\n\t\t\t\tclass=\"forminator-ui forminator-custom-form forminator-custom-form-3165 forminator-design--default  forminator_ajax\"\n\t\t\t\tmethod=\"post\"\n\t\t\t\tdata-forminator-render=\"0\"\n\t\t\t\tdata-form-id=\"3165\"\n\t\t\t\t data-color-option=\"theme\" data-design=\"default\" data-grid=\"open\" style=\"display: none;\"\n\t\t\t\tdata-uid=\"69d4c6686152c\" action=\"\"\n\t\t\t><div role=\"alert\" aria-live=\"polite\" class=\"forminator-response-message forminator-error\" aria-hidden=\"true\"><\/div><div class=\"forminator-row\"><div id=\"name-1\" class=\"forminator-field-name forminator-col forminator-col-12\"><div class=\"forminator-field\"><label for=\"forminator-field-name-1_69d4c6686152c\" id=\"forminator-field-name-1_69d4c6686152c-label\" class=\"forminator-label\">Name <span class=\"forminator-required\">*<\/span><\/label><input type=\"text\" name=\"name-1\" value=\"\" placeholder=\"\" id=\"forminator-field-name-1_69d4c6686152c\" class=\"forminator-input forminator-name--field\" aria-required=\"true\" autocomplete=\"name\" \/><\/div><\/div><\/div><div class=\"forminator-row\"><div id=\"address-1\" class=\"forminator-field-address forminator-col forminator-col-12\"><div class=\"forminator-row\"><div id=\"address-1-street_address\" class=\"forminator-col\"><div class=\"forminator-field\"><label for=\"forminator-field-address-1-street_address_69d4c6686152c\" id=\"forminator-field-address-1-street_address_69d4c6686152c-label\" class=\"forminator-label\">Adress <span class=\"forminator-required\">*<\/span><\/label><input type=\"text\" name=\"address-1-street_address\" placeholder=\"\" id=\"forminator-field-address-1-street_address_69d4c6686152c\" class=\"forminator-input\" data-required=\"1\" aria-required=\"true\" autocomplete=\"address-line1\" value=\"\" \/><\/div><\/div><\/div><div class=\"forminator-row\" data-multiple=\"false\"><div id=\"address-1-zip\" class=\"forminator-col forminator-col-12\"><div class=\"forminator-field\"><label for=\"forminator-field-address-1-zip_69d4c6686152c\" id=\"forminator-field-address-1-zip_69d4c6686152c-label\" class=\"forminator-label\">Zip Code<\/label><input type=\"text\" name=\"address-1-zip\" placeholder=\"\" id=\"forminator-field-address-1-zip_69d4c6686152c\" class=\"forminator-input\" autocomplete=\"postal-code\" value=\"\" \/><\/div><\/div><\/div><\/div><\/div><div class=\"forminator-row\"><div id=\"phone-1\" class=\"forminator-field-phone forminator-col forminator-col-12\"><div class=\"forminator-field\"><label for=\"forminator-field-phone-1_69d4c6686152c\" id=\"forminator-field-phone-1_69d4c6686152c-label\" class=\"forminator-label\">phone number <span class=\"forminator-required\">*<\/span><\/label><input type=\"text\" name=\"phone-1\" value=\"\" placeholder=\"\" id=\"forminator-field-phone-1_69d4c6686152c\" class=\"forminator-input forminator-field--phone\" data-required=\"1\" aria-required=\"true\" autocomplete=\"off\" \/><\/div><\/div><\/div><div class=\"forminator-row\"><div id=\"email-1\" class=\"forminator-field-email forminator-col forminator-col-12\"><div class=\"forminator-field\"><label for=\"forminator-field-email-1_69d4c6686152c\" id=\"forminator-field-email-1_69d4c6686152c-label\" class=\"forminator-label\">E-mail address <span class=\"forminator-required\">*<\/span><\/label><input type=\"email\" name=\"email-1\" value=\"\" placeholder=\"\" id=\"forminator-field-email-1_69d4c6686152c\" class=\"forminator-input forminator-email--field\" data-required=\"true\" aria-required=\"true\" autocomplete=\"email\" \/><\/div><\/div><\/div><div class=\"forminator-row\"><div id=\"html-1\" class=\"forminator-field-html forminator-col forminator-col-12\"><div class=\"forminator-field forminator-merge-tags\" data-field=\"html-1\"><label class=\"forminator-label\">Starting in April 2026, I would like to harvest my own share of fresh, seasonal vegetables at Frau Lenz. Based on my veggie needs, I\u2019m choosing the following category:<\/label><\/div><\/div><\/div><div class=\"forminator-row\"><div id=\"radio-1\" class=\"forminator-field-radio forminator-col forminator-col-12\"><div role=\"radiogroup\" class=\"forminator-field\" aria-labelledby=\"forminator-radiogroup-radio-1-69d4c6686152c-label\"><span id=\"forminator-radiogroup-radio-1-69d4c6686152c-label\" class=\"forminator-label\">choice of category <span class=\"forminator-required\">*<\/span><\/span><label id=\"forminator-field-radio-1-label-1\" for=\"forminator-field-radio-1-1-69d4c6686152c\" class=\"forminator-radio\" title=\"Veggie-Snacker\"><input type=\"radio\" name=\"radio-1\" value=\"one\" id=\"forminator-field-radio-1-1-69d4c6686152c\" aria-labelledby=\"forminator-field-radio-1-label-1\" data-calculation=\"0\"   data-hidden-behavior=\"zero\"\/><span class=\"forminator-radio-bullet\" aria-hidden=\"true\"><\/span><span class=\"forminator-radio-label\">Veggie-Snacker<\/span><\/label><label id=\"forminator-field-radio-1-label-2\" for=\"forminator-field-radio-1-2-69d4c6686152c\" class=\"forminator-radio\" title=\"Veggie-Fan\"><input type=\"radio\" name=\"radio-1\" value=\"two\" id=\"forminator-field-radio-1-2-69d4c6686152c\" aria-labelledby=\"forminator-field-radio-1-label-2\" data-calculation=\"0\"   data-hidden-behavior=\"zero\"\/><span class=\"forminator-radio-bullet\" aria-hidden=\"true\"><\/span><span class=\"forminator-radio-label\">Veggie-Fan<\/span><\/label><label id=\"forminator-field-radio-1-label-3\" for=\"forminator-field-radio-1-3-69d4c6686152c\" class=\"forminator-radio\" title=\"Veggie-Lover\"><input type=\"radio\" name=\"radio-1\" value=\"Gem\u00fcse-LiebhaberIn\" id=\"forminator-field-radio-1-3-69d4c6686152c\" aria-labelledby=\"forminator-field-radio-1-label-3\" data-calculation=\"0\"   data-hidden-behavior=\"zero\"\/><span class=\"forminator-radio-bullet\" aria-hidden=\"true\"><\/span><span class=\"forminator-radio-label\">Veggie-Lover<\/span><\/label><\/div><\/div><\/div><div class=\"forminator-row\"><div id=\"number-1\" class=\"forminator-field-number forminator-col forminator-col-12\"><div class=\"forminator-field\"><label for=\"forminator-field-number-1_69d4c6686152c\" id=\"forminator-field-number-1_69d4c6686152c-label\" class=\"forminator-label\">Number adults <span class=\"forminator-required\">*<\/span><\/label><input name=\"number-1\" value=\"\" placeholder=\"\" id=\"forminator-field-number-1_69d4c6686152c\" class=\"forminator-input forminator-number--field\" inputmode=\"decimal\" data-required=\"1\" data-decimals=\"0\" aria-required=\"true\" data-inputmask=\"&#039;groupSeparator&#039;: &#039;&#039;, &#039;radixPoint&#039;: &#039;&#039;, &#039;digits&#039;: &#039;0&#039;\" data-hidden-behavior=\"zero\" type=\"number\" step=\"any\" min=\"1\" max=\"25\" \/><\/div><\/div><\/div><div class=\"forminator-row\"><div id=\"number-2\" class=\"forminator-field-number forminator-col forminator-col-12\"><div class=\"forminator-field\"><label for=\"forminator-field-number-2_69d4c6686152c\" id=\"forminator-field-number-2_69d4c6686152c-label\" class=\"forminator-label\">Number of children aged 7 and up<\/label><input name=\"number-2\" value=\"\" placeholder=\"\" id=\"forminator-field-number-2_69d4c6686152c\" class=\"forminator-input forminator-number--field\" inputmode=\"decimal\" data-required=\"\" data-decimals=\"0\" aria-required=\"false\" data-inputmask=\"&#039;groupSeparator&#039;: &#039;&#039;, &#039;radixPoint&#039;: &#039;&#039;, &#039;digits&#039;: &#039;0&#039;\" data-hidden-behavior=\"zero\" type=\"number\" step=\"any\" min=\"1\" max=\"150\" \/><\/div><\/div><\/div><div class=\"forminator-row\"><div id=\"select-1\" class=\"forminator-field-select forminator-col forminator-col-12\"><div class=\"forminator-field\"><label for=\"forminator-form-3165__field--select-1_69d4c6686152c\" id=\"forminator-form-3165__field--select-1_69d4c6686152c-label\" class=\"forminator-label\">Please choose <span class=\"forminator-required\">*<\/span><\/label><span id=\"forminator-form-3165__field--select-1_69d4c6686152c-description\" class=\"forminator-description\">I will pay:<\/span><select  id=\"forminator-form-3165__field--select-1_69d4c6686152c\" class=\"forminator-select--field forminator-select2 forminator-select2-multiple\" data-required=\"1\" name=\"select-1\" data-default-value=\"\" data-hidden-behavior=\"zero\" data-placeholder=\"Zahlungsoption w\u00e4hlen\" data-search=\"false\" data-search-placeholder=\"Zahlungsoption w\u00e4hlen\" data-checkbox=\"false\" data-allow-clear=\"false\" aria-labelledby=\"forminator-form-3165__field--select-1_69d4c6686152c-label\" aria-describedby=\"forminator-form-3165__field--select-1_69d4c6686152c-description\"><option value=\"\"  >Please choose your payment options<\/option><option value=\"one\"  data-calculation=\"0\">in 4 installments<\/option><option value=\"two\"  data-calculation=\"0\">semianually<\/option><option value=\"j\u00e4hrlich-(-5%)\"  data-calculation=\"0\">anually<\/option><\/select><\/div><\/div><\/div><div class=\"forminator-row\"><div id=\"consent-1\" class=\"forminator-field-consent forminator-col forminator-col-12\"><div class=\"forminator-field\"><label for=\"forminator-field-consent-1_69d4c6686152c\" id=\"forminator-field-consent-1_69d4c6686152c-label\" class=\"forminator-label\">Consent <span class=\"forminator-required\">*<\/span><\/label><div class=\"forminator-checkbox__wrapper\"><label id=\"forminator-field-consent-1_69d4c6686152c__label\" class=\"forminator-checkbox forminator-consent\"><input type=\"checkbox\" name=\"consent-1\" id=\"forminator-field-consent-1_69d4c6686152c\" value=\"checked\" aria-labelledby=\"forminator-field-consent-1_69d4c6686152c-label\" aria-describedby=\"forminator-field-consent-1_69d4c6686152c__description\" data-required=\"true\" aria-required=\"true\" \/><span class=\"forminator-checkbox-box\" aria-hidden=\"true\"><\/span><\/label><div id=\"forminator-field-consent-1_69d4c6686152c__description\" class=\"forminator-checkbox__label forminator-consent__label\"><p>I agree to the terms and conditions and I\u2019m excited for my first harvesting experience! \ud83c\udf31&nbsp;<\/p><\/div><\/div><\/div><\/div><\/div><input type=\"hidden\" name=\"referer_url\" value=\"\" \/><div class=\"forminator-row forminator-row-last\"><div class=\"forminator-col\"><div class=\"forminator-field\"><button class=\"forminator-button forminator-button-submit\">Hello veggies!<\/button><\/div><\/div><\/div><input type=\"hidden\" id=\"forminator_nonce\" name=\"forminator_nonce\" value=\"6925b2b143\" \/><input type=\"hidden\" name=\"_wp_http_referer\" value=\"\/en\/wp-json\/wp\/v2\/pages\/2978\" \/><input type=\"hidden\" name=\"form_id\" value=\"3165\"><input type=\"hidden\" name=\"page_id\" value=\"2978\"><input type=\"hidden\" name=\"form_type\" value=\"default\"><input type=\"hidden\" name=\"current_url\" value=\"https:\/\/www.fraulenz.de\/en\/selbsternte-anteile\/\"><input type=\"hidden\" name=\"render_id\" value=\"0\"><input type=\"hidden\" name=\"action\" value=\"forminator_submit_form_custom-forms\"><input type=\"hidden\" name=\"trp-form-language\" value=\"en\"\/><\/form><\/pre>\n\n\n\n<p><\/p>","protected":false},"excerpt":{"rendered":"<p>Selbsternte bei Frau Lenz &#8211; Gem\u00fcse ernten, wo es w\u00e4chstUnser Garten liegt mitten in der Natur &#8211; direkt an der Alsenz, umgeben von Wiesen, B\u00e4umen und frischer Luft. Durch den Garten gehen, lernen, was gerade w\u00e4chst, und das eigene Gem\u00fcse direkt vom Feld ernten &#8211; so wird der Einkauf zu einem kleinen Naturerlebnis. Von April [&hellip;]<\/p>\n","protected":false},"author":1,"featured_media":0,"parent":0,"menu_order":0,"comment_status":"closed","ping_status":"closed","template":"","meta":{"footnotes":""},"class_list":["post-2978","page","type-page","status-publish","hentry","post-preview"],"yoast_head":"<!-- This site is optimized with the Yoast SEO plugin v27.3 - https:\/\/yoast.com\/product\/yoast-seo-wordpress\/ -->\n<title>Selbsternte - Frau Lenz<\/title>\n<meta name=\"robots\" content=\"index, follow, max-snippet:-1, max-image-preview:large, max-video-preview:-1\" \/>\n<link rel=\"canonical\" href=\"https:\/\/www.fraulenz.de\/en\/selbsternte-anteile\/\" \/>\n<meta property=\"og:locale\" content=\"en_US\" \/>\n<meta property=\"og:type\" content=\"article\" \/>\n<meta property=\"og:title\" content=\"Selbsternte - Frau Lenz\" \/>\n<meta property=\"og:description\" content=\"Selbsternte bei Frau Lenz - Gem\u00fcse ernten, wo es w\u00e4chstUnser Garten liegt mitten in der Natur - direkt an der Alsenz, umgeben von Wiesen, B\u00e4umen und frischer Luft. Durch den Garten gehen, lernen, was gerade w\u00e4chst, und das eigene Gem\u00fcse direkt vom Feld ernten - so wird der Einkauf zu einem kleinen Naturerlebnis. Von April [&hellip;]\" \/>\n<meta property=\"og:url\" content=\"https:\/\/www.fraulenz.de\/en\/selbsternte-anteile\/\" \/>\n<meta property=\"og:site_name\" content=\"Frau Lenz\" \/>\n<meta property=\"article:modified_time\" content=\"2026-03-13T13:21:05+00:00\" \/>\n<meta property=\"og:image\" content=\"https:\/\/www.fraulenz.de\/wp-content\/uploads\/2025\/10\/IMG_7236-scaled-e1769683703552.jpeg\" \/>\n\t<meta property=\"og:image:width\" content=\"1455\" \/>\n\t<meta property=\"og:image:height\" content=\"1515\" \/>\n\t<meta property=\"og:image:type\" content=\"image\/jpeg\" \/>\n<meta name=\"twitter:card\" content=\"summary_large_image\" \/>\n<meta name=\"twitter:label1\" content=\"Est. reading time\" \/>\n\t<meta name=\"twitter:data1\" content=\"1 minute\" \/>\n<script type=\"application\/ld+json\" class=\"yoast-schema-graph\">{\"@context\":\"https:\\\/\\\/schema.org\",\"@graph\":[{\"@type\":\"WebPage\",\"@id\":\"https:\\\/\\\/www.fraulenz.de\\\/selbsternte-anteile\\\/\",\"url\":\"https:\\\/\\\/www.fraulenz.de\\\/selbsternte-anteile\\\/\",\"name\":\"Selbsternte - Frau Lenz\",\"isPartOf\":{\"@id\":\"https:\\\/\\\/www.fraulenz.de\\\/#website\"},\"primaryImageOfPage\":{\"@id\":\"https:\\\/\\\/www.fraulenz.de\\\/selbsternte-anteile\\\/#primaryimage\"},\"image\":{\"@id\":\"https:\\\/\\\/www.fraulenz.de\\\/selbsternte-anteile\\\/#primaryimage\"},\"thumbnailUrl\":\"https:\\\/\\\/fraeulein-lenz.de\\\/wp-content\\\/uploads\\\/2025\\\/10\\\/IMG_7236-scaled-e1769683703552.jpeg\",\"datePublished\":\"2026-01-29T10:49:22+00:00\",\"dateModified\":\"2026-03-13T13:21:05+00:00\",\"breadcrumb\":{\"@id\":\"https:\\\/\\\/www.fraulenz.de\\\/selbsternte-anteile\\\/#breadcrumb\"},\"inLanguage\":\"en-US\",\"potentialAction\":[{\"@type\":\"ReadAction\",\"target\":[\"https:\\\/\\\/www.fraulenz.de\\\/selbsternte-anteile\\\/\"]}]},{\"@type\":\"ImageObject\",\"inLanguage\":\"en-US\",\"@id\":\"https:\\\/\\\/www.fraulenz.de\\\/selbsternte-anteile\\\/#primaryimage\",\"url\":\"https:\\\/\\\/fraeulein-lenz.de\\\/wp-content\\\/uploads\\\/2025\\\/10\\\/IMG_7236-scaled-e1769683703552.jpeg\",\"contentUrl\":\"https:\\\/\\\/fraeulein-lenz.de\\\/wp-content\\\/uploads\\\/2025\\\/10\\\/IMG_7236-scaled-e1769683703552.jpeg\"},{\"@type\":\"BreadcrumbList\",\"@id\":\"https:\\\/\\\/www.fraulenz.de\\\/selbsternte-anteile\\\/#breadcrumb\",\"itemListElement\":[{\"@type\":\"ListItem\",\"position\":1,\"name\":\"Startseite\",\"item\":\"https:\\\/\\\/www.fraulenz.de\\\/\"},{\"@type\":\"ListItem\",\"position\":2,\"name\":\"Selbsternte\"}]},{\"@type\":\"WebSite\",\"@id\":\"https:\\\/\\\/www.fraulenz.de\\\/#website\",\"url\":\"https:\\\/\\\/www.fraulenz.de\\\/\",\"name\":\"Frau Lenz\",\"description\":\"Gem\u00fcse aus dem Donnersbergkreis\",\"publisher\":{\"@id\":\"https:\\\/\\\/www.fraulenz.de\\\/#organization\"},\"potentialAction\":[{\"@type\":\"SearchAction\",\"target\":{\"@type\":\"EntryPoint\",\"urlTemplate\":\"https:\\\/\\\/www.fraulenz.de\\\/?s={search_term_string}\"},\"query-input\":{\"@type\":\"PropertyValueSpecification\",\"valueRequired\":true,\"valueName\":\"search_term_string\"}}],\"inLanguage\":\"en-US\"},{\"@type\":\"Organization\",\"@id\":\"https:\\\/\\\/www.fraulenz.de\\\/#organization\",\"name\":\"Frau Lenz\",\"url\":\"https:\\\/\\\/www.fraulenz.de\\\/\",\"logo\":{\"@type\":\"ImageObject\",\"inLanguage\":\"en-US\",\"@id\":\"https:\\\/\\\/www.fraulenz.de\\\/#\\\/schema\\\/logo\\\/image\\\/\",\"url\":\"https:\\\/\\\/www.fraulenz.de\\\/wp-content\\\/uploads\\\/2026\\\/01\\\/Logo-FrauLenz.jpg\",\"contentUrl\":\"https:\\\/\\\/www.fraulenz.de\\\/wp-content\\\/uploads\\\/2026\\\/01\\\/Logo-FrauLenz.jpg\",\"width\":334,\"height\":266,\"caption\":\"Frau Lenz\"},\"image\":{\"@id\":\"https:\\\/\\\/www.fraulenz.de\\\/#\\\/schema\\\/logo\\\/image\\\/\"}}]}<\/script>\n<!-- \/ Yoast SEO plugin. -->","yoast_head_json":{"title":"Selbsternte - Frau Lenz","robots":{"index":"index","follow":"follow","max-snippet":"max-snippet:-1","max-image-preview":"max-image-preview:large","max-video-preview":"max-video-preview:-1"},"canonical":"https:\/\/www.fraulenz.de\/en\/selbsternte-anteile\/","og_locale":"en_US","og_type":"article","og_title":"Selbsternte - Frau Lenz","og_description":"Selbsternte bei Frau Lenz - Gem\u00fcse ernten, wo es w\u00e4chstUnser Garten liegt mitten in der Natur - direkt an der Alsenz, umgeben von Wiesen, B\u00e4umen und frischer Luft. Durch den Garten gehen, lernen, was gerade w\u00e4chst, und das eigene Gem\u00fcse direkt vom Feld ernten - so wird der Einkauf zu einem kleinen Naturerlebnis. Von April [&hellip;]","og_url":"https:\/\/www.fraulenz.de\/en\/selbsternte-anteile\/","og_site_name":"Frau Lenz","article_modified_time":"2026-03-13T13:21:05+00:00","og_image":[{"width":1455,"height":1515,"url":"https:\/\/www.fraulenz.de\/wp-content\/uploads\/2025\/10\/IMG_7236-scaled-e1769683703552.jpeg","type":"image\/jpeg"}],"twitter_card":"summary_large_image","twitter_misc":{"Est. reading time":"1 minute"},"schema":{"@context":"https:\/\/schema.org","@graph":[{"@type":"WebPage","@id":"https:\/\/www.fraulenz.de\/selbsternte-anteile\/","url":"https:\/\/www.fraulenz.de\/selbsternte-anteile\/","name":"Selbsternte - Frau Lenz","isPartOf":{"@id":"https:\/\/www.fraulenz.de\/#website"},"primaryImageOfPage":{"@id":"https:\/\/www.fraulenz.de\/selbsternte-anteile\/#primaryimage"},"image":{"@id":"https:\/\/www.fraulenz.de\/selbsternte-anteile\/#primaryimage"},"thumbnailUrl":"https:\/\/fraeulein-lenz.de\/wp-content\/uploads\/2025\/10\/IMG_7236-scaled-e1769683703552.jpeg","datePublished":"2026-01-29T10:49:22+00:00","dateModified":"2026-03-13T13:21:05+00:00","breadcrumb":{"@id":"https:\/\/www.fraulenz.de\/selbsternte-anteile\/#breadcrumb"},"inLanguage":"en-US","potentialAction":[{"@type":"ReadAction","target":["https:\/\/www.fraulenz.de\/selbsternte-anteile\/"]}]},{"@type":"ImageObject","inLanguage":"en-US","@id":"https:\/\/www.fraulenz.de\/selbsternte-anteile\/#primaryimage","url":"https:\/\/fraeulein-lenz.de\/wp-content\/uploads\/2025\/10\/IMG_7236-scaled-e1769683703552.jpeg","contentUrl":"https:\/\/fraeulein-lenz.de\/wp-content\/uploads\/2025\/10\/IMG_7236-scaled-e1769683703552.jpeg"},{"@type":"BreadcrumbList","@id":"https:\/\/www.fraulenz.de\/selbsternte-anteile\/#breadcrumb","itemListElement":[{"@type":"ListItem","position":1,"name":"Startseite","item":"https:\/\/www.fraulenz.de\/"},{"@type":"ListItem","position":2,"name":"Selbsternte"}]},{"@type":"WebSite","@id":"https:\/\/www.fraulenz.de\/#website","url":"https:\/\/www.fraulenz.de\/","name":"Frau Lenz","description":"Gem\u00fcse aus dem Donnersbergkreis","publisher":{"@id":"https:\/\/www.fraulenz.de\/#organization"},"potentialAction":[{"@type":"SearchAction","target":{"@type":"EntryPoint","urlTemplate":"https:\/\/www.fraulenz.de\/?s={search_term_string}"},"query-input":{"@type":"PropertyValueSpecification","valueRequired":true,"valueName":"search_term_string"}}],"inLanguage":"en-US"},{"@type":"Organization","@id":"https:\/\/www.fraulenz.de\/#organization","name":"Frau Lenz","url":"https:\/\/www.fraulenz.de\/","logo":{"@type":"ImageObject","inLanguage":"en-US","@id":"https:\/\/www.fraulenz.de\/#\/schema\/logo\/image\/","url":"https:\/\/www.fraulenz.de\/wp-content\/uploads\/2026\/01\/Logo-FrauLenz.jpg","contentUrl":"https:\/\/www.fraulenz.de\/wp-content\/uploads\/2026\/01\/Logo-FrauLenz.jpg","width":334,"height":266,"caption":"Frau Lenz"},"image":{"@id":"https:\/\/www.fraulenz.de\/#\/schema\/logo\/image\/"}}]}},"_links":{"self":[{"href":"https:\/\/www.fraulenz.de\/en\/wp-json\/wp\/v2\/pages\/2978","targetHints":{"allow":["GET"]}}],"collection":[{"href":"https:\/\/www.fraulenz.de\/en\/wp-json\/wp\/v2\/pages"}],"about":[{"href":"https:\/\/www.fraulenz.de\/en\/wp-json\/wp\/v2\/types\/page"}],"author":[{"embeddable":true,"href":"https:\/\/www.fraulenz.de\/en\/wp-json\/wp\/v2\/users\/1"}],"replies":[{"embeddable":true,"href":"https:\/\/www.fraulenz.de\/en\/wp-json\/wp\/v2\/comments?post=2978"}],"version-history":[{"count":19,"href":"https:\/\/www.fraulenz.de\/en\/wp-json\/wp\/v2\/pages\/2978\/revisions"}],"predecessor-version":[{"id":3194,"href":"https:\/\/www.fraulenz.de\/en\/wp-json\/wp\/v2\/pages\/2978\/revisions\/3194"}],"wp:attachment":[{"href":"https:\/\/www.fraulenz.de\/en\/wp-json\/wp\/v2\/media?parent=2978"}],"curies":[{"name":"wp","href":"https:\/\/api.w.org\/{rel}","templated":true}]}}