{"id":32,"date":"2016-07-06T07:58:41","date_gmt":"2016-07-06T07:58:41","guid":{"rendered":"http:\/\/fraeulein-lenz.de\/?page_id=32"},"modified":"2026-03-13T13:22:38","modified_gmt":"2026-03-13T13:22:38","slug":"kontakt","status":"publish","type":"page","link":"https:\/\/www.fraulenz.de\/en\/sample-page\/kontakt\/","title":{"rendered":"Stay in Touch"},"content":{"rendered":"<p><\/p>\n\n\n\n<pre class=\"wp-block-preformatted has-accent-background-color has-background\"><strong>We\u2019d love to hear from you! <\/strong><br>If you have any questions or would like to learn more about our garden, feel free to contact us by phone <strong>(0157-71411006)<\/strong> or via email <strong>(info@fraulenz.de) <\/strong>. <br><br>Find us on our <strong>socials<\/strong> (<a href=\"https:\/\/www.instagram.com\/frau.lenz.gemuese\/#\"><mark style=\"background-color:#ffffff;color:#10890e\" class=\"has-inline-color\">Instagram<\/mark><\/a><mark style=\"background-color:rgba(0, 0, 0, 0);color:#10890e\" class=\"has-inline-color\"> <\/mark>&amp; <a href=\"https:\/\/www.facebook.com\/fraeuleinlenz\/\"><mark style=\"background-color:rgba(0, 0, 0, 0);color:#1d7115\" class=\"has-inline-color\">Facebook<\/mark><\/a><mark style=\"background-color:#ffffff;color:#1d7115\" class=\"has-inline-color\">)<\/mark> and get a glimpse of our daily garden life \ud83e\uded1\ud83e\udedb\ud83c\udf31 <br><br>Frau Lenz<br>Carla Jennewein\u00a0<br>M\u00fchlstr. 21<br>67728 M\u00fcnchweiler<\/pre>\n\n\n\n<p><\/p>","protected":false},"excerpt":{"rendered":"<p>Wir freuen uns \u00fcber Deine Nachricht! Wenn Du Fragen hast oder mehr \u00fcber unseren Garten erfahren m\u00f6chtest, melde Dich gerne telefonisch (0157-71411006) oder via E-Mail (info@fraulenz.de) bei uns. Auf unseren Social-Media-Kan\u00e4len (Instagram &amp; Facebook) nehmen wir Dich au\u00dferdem regelm\u00e4\u00dfig mit in unseren Garten-Alltag! Frau LenzCarla Jennewein\u00a0M\u00fchlstr. 2167728 M\u00fcnchweiler<\/p>","protected":false},"author":1,"featured_media":0,"parent":2,"menu_order":1,"comment_status":"closed","ping_status":"closed","template":"","meta":{"footnotes":""},"class_list":["post-32","page","type-page","status-publish","hentry","post-preview"],"yoast_head":"<!-- This site is optimized with the Yoast SEO plugin v27.3 - https:\/\/yoast.com\/product\/yoast-seo-wordpress\/ -->\n<title>Kontakt - Frau Lenz<\/title>\n<meta name=\"robots\" content=\"index, follow, max-snippet:-1, max-image-preview:large, max-video-preview:-1\" \/>\n<link rel=\"canonical\" href=\"https:\/\/www.fraulenz.de\/en\/sample-page\/kontakt\/\" \/>\n<meta property=\"og:locale\" content=\"en_US\" \/>\n<meta property=\"og:type\" content=\"article\" \/>\n<meta property=\"og:title\" content=\"Kontakt - Frau Lenz\" \/>\n<meta property=\"og:description\" content=\"Wir freuen uns \u00fcber Deine Nachricht! Wenn Du Fragen hast oder mehr \u00fcber unseren Garten erfahren m\u00f6chtest, melde Dich gerne telefonisch (0157-71411006) oder via E-Mail (info@fraulenz.de) bei uns. Auf unseren Social-Media-Kan\u00e4len (Instagram &amp; Facebook) nehmen wir Dich au\u00dferdem regelm\u00e4\u00dfig mit in unseren Garten-Alltag! Frau LenzCarla Jennewein\u00a0M\u00fchlstr. 2167728 M\u00fcnchweiler\" \/>\n<meta property=\"og:url\" content=\"https:\/\/www.fraulenz.de\/en\/sample-page\/kontakt\/\" \/>\n<meta property=\"og:site_name\" content=\"Frau Lenz\" \/>\n<meta property=\"article:modified_time\" content=\"2026-03-13T13:22:38+00:00\" \/>\n<meta name=\"twitter:card\" content=\"summary_large_image\" \/>\n<meta name=\"twitter:label1\" content=\"Est. reading time\" \/>\n\t<meta name=\"twitter:data1\" content=\"1 minute\" \/>\n<script type=\"application\/ld+json\" class=\"yoast-schema-graph\">{\"@context\":\"https:\\\/\\\/schema.org\",\"@graph\":[{\"@type\":\"WebPage\",\"@id\":\"https:\\\/\\\/www.fraulenz.de\\\/sample-page\\\/kontakt\\\/\",\"url\":\"https:\\\/\\\/www.fraulenz.de\\\/sample-page\\\/kontakt\\\/\",\"name\":\"Kontakt - Frau Lenz\",\"isPartOf\":{\"@id\":\"https:\\\/\\\/www.fraulenz.de\\\/#website\"},\"datePublished\":\"2016-07-06T07:58:41+00:00\",\"dateModified\":\"2026-03-13T13:22:38+00:00\",\"breadcrumb\":{\"@id\":\"https:\\\/\\\/www.fraulenz.de\\\/sample-page\\\/kontakt\\\/#breadcrumb\"},\"inLanguage\":\"en-US\",\"potentialAction\":[{\"@type\":\"ReadAction\",\"target\":[\"https:\\\/\\\/www.fraulenz.de\\\/sample-page\\\/kontakt\\\/\"]}]},{\"@type\":\"BreadcrumbList\",\"@id\":\"https:\\\/\\\/www.fraulenz.de\\\/sample-page\\\/kontakt\\\/#breadcrumb\",\"itemListElement\":[{\"@type\":\"ListItem\",\"position\":1,\"name\":\"Startseite\",\"item\":\"https:\\\/\\\/www.fraulenz.de\\\/\"},{\"@type\":\"ListItem\",\"position\":2,\"name\":\"Kontakt\"}]},{\"@type\":\"WebSite\",\"@id\":\"https:\\\/\\\/www.fraulenz.de\\\/#website\",\"url\":\"https:\\\/\\\/www.fraulenz.de\\\/\",\"name\":\"Frau Lenz\",\"description\":\"Gem\u00fcse aus dem Donnersbergkreis\",\"publisher\":{\"@id\":\"https:\\\/\\\/www.fraulenz.de\\\/#organization\"},\"potentialAction\":[{\"@type\":\"SearchAction\",\"target\":{\"@type\":\"EntryPoint\",\"urlTemplate\":\"https:\\\/\\\/www.fraulenz.de\\\/?s={search_term_string}\"},\"query-input\":{\"@type\":\"PropertyValueSpecification\",\"valueRequired\":true,\"valueName\":\"search_term_string\"}}],\"inLanguage\":\"en-US\"},{\"@type\":\"Organization\",\"@id\":\"https:\\\/\\\/www.fraulenz.de\\\/#organization\",\"name\":\"Frau Lenz\",\"url\":\"https:\\\/\\\/www.fraulenz.de\\\/\",\"logo\":{\"@type\":\"ImageObject\",\"inLanguage\":\"en-US\",\"@id\":\"https:\\\/\\\/www.fraulenz.de\\\/#\\\/schema\\\/logo\\\/image\\\/\",\"url\":\"https:\\\/\\\/www.fraulenz.de\\\/wp-content\\\/uploads\\\/2026\\\/01\\\/Logo-FrauLenz.jpg\",\"contentUrl\":\"https:\\\/\\\/www.fraulenz.de\\\/wp-content\\\/uploads\\\/2026\\\/01\\\/Logo-FrauLenz.jpg\",\"width\":334,\"height\":266,\"caption\":\"Frau Lenz\"},\"image\":{\"@id\":\"https:\\\/\\\/www.fraulenz.de\\\/#\\\/schema\\\/logo\\\/image\\\/\"}}]}<\/script>\n<!-- \/ Yoast SEO plugin. -->","yoast_head_json":{"title":"Kontakt - Frau Lenz","robots":{"index":"index","follow":"follow","max-snippet":"max-snippet:-1","max-image-preview":"max-image-preview:large","max-video-preview":"max-video-preview:-1"},"canonical":"https:\/\/www.fraulenz.de\/en\/sample-page\/kontakt\/","og_locale":"en_US","og_type":"article","og_title":"Kontakt - Frau Lenz","og_description":"Wir freuen uns \u00fcber Deine Nachricht! Wenn Du Fragen hast oder mehr \u00fcber unseren Garten erfahren m\u00f6chtest, melde Dich gerne telefonisch (0157-71411006) oder via E-Mail (info@fraulenz.de) bei uns. Auf unseren Social-Media-Kan\u00e4len (Instagram &amp; Facebook) nehmen wir Dich au\u00dferdem regelm\u00e4\u00dfig mit in unseren Garten-Alltag! Frau LenzCarla Jennewein\u00a0M\u00fchlstr. 2167728 M\u00fcnchweiler","og_url":"https:\/\/www.fraulenz.de\/en\/sample-page\/kontakt\/","og_site_name":"Frau Lenz","article_modified_time":"2026-03-13T13:22:38+00:00","twitter_card":"summary_large_image","twitter_misc":{"Est. reading time":"1 minute"},"schema":{"@context":"https:\/\/schema.org","@graph":[{"@type":"WebPage","@id":"https:\/\/www.fraulenz.de\/sample-page\/kontakt\/","url":"https:\/\/www.fraulenz.de\/sample-page\/kontakt\/","name":"Kontakt - Frau Lenz","isPartOf":{"@id":"https:\/\/www.fraulenz.de\/#website"},"datePublished":"2016-07-06T07:58:41+00:00","dateModified":"2026-03-13T13:22:38+00:00","breadcrumb":{"@id":"https:\/\/www.fraulenz.de\/sample-page\/kontakt\/#breadcrumb"},"inLanguage":"en-US","potentialAction":[{"@type":"ReadAction","target":["https:\/\/www.fraulenz.de\/sample-page\/kontakt\/"]}]},{"@type":"BreadcrumbList","@id":"https:\/\/www.fraulenz.de\/sample-page\/kontakt\/#breadcrumb","itemListElement":[{"@type":"ListItem","position":1,"name":"Startseite","item":"https:\/\/www.fraulenz.de\/"},{"@type":"ListItem","position":2,"name":"Kontakt"}]},{"@type":"WebSite","@id":"https:\/\/www.fraulenz.de\/#website","url":"https:\/\/www.fraulenz.de\/","name":"Frau Lenz","description":"Gem\u00fcse aus dem Donnersbergkreis","publisher":{"@id":"https:\/\/www.fraulenz.de\/#organization"},"potentialAction":[{"@type":"SearchAction","target":{"@type":"EntryPoint","urlTemplate":"https:\/\/www.fraulenz.de\/?s={search_term_string}"},"query-input":{"@type":"PropertyValueSpecification","valueRequired":true,"valueName":"search_term_string"}}],"inLanguage":"en-US"},{"@type":"Organization","@id":"https:\/\/www.fraulenz.de\/#organization","name":"Frau Lenz","url":"https:\/\/www.fraulenz.de\/","logo":{"@type":"ImageObject","inLanguage":"en-US","@id":"https:\/\/www.fraulenz.de\/#\/schema\/logo\/image\/","url":"https:\/\/www.fraulenz.de\/wp-content\/uploads\/2026\/01\/Logo-FrauLenz.jpg","contentUrl":"https:\/\/www.fraulenz.de\/wp-content\/uploads\/2026\/01\/Logo-FrauLenz.jpg","width":334,"height":266,"caption":"Frau Lenz"},"image":{"@id":"https:\/\/www.fraulenz.de\/#\/schema\/logo\/image\/"}}]}},"_links":{"self":[{"href":"https:\/\/www.fraulenz.de\/en\/wp-json\/wp\/v2\/pages\/32","targetHints":{"allow":["GET"]}}],"collection":[{"href":"https:\/\/www.fraulenz.de\/en\/wp-json\/wp\/v2\/pages"}],"about":[{"href":"https:\/\/www.fraulenz.de\/en\/wp-json\/wp\/v2\/types\/page"}],"author":[{"embeddable":true,"href":"https:\/\/www.fraulenz.de\/en\/wp-json\/wp\/v2\/users\/1"}],"replies":[{"embeddable":true,"href":"https:\/\/www.fraulenz.de\/en\/wp-json\/wp\/v2\/comments?post=32"}],"version-history":[{"count":25,"href":"https:\/\/www.fraulenz.de\/en\/wp-json\/wp\/v2\/pages\/32\/revisions"}],"predecessor-version":[{"id":3196,"href":"https:\/\/www.fraulenz.de\/en\/wp-json\/wp\/v2\/pages\/32\/revisions\/3196"}],"up":[{"embeddable":true,"href":"https:\/\/www.fraulenz.de\/en\/wp-json\/wp\/v2\/pages\/2"}],"wp:attachment":[{"href":"https:\/\/www.fraulenz.de\/en\/wp-json\/wp\/v2\/media?parent=32"}],"curies":[{"name":"wp","href":"https:\/\/api.w.org\/{rel}","templated":true}]}}