{"id":35,"date":"2016-07-06T08:51:10","date_gmt":"2016-07-06T08:51:10","guid":{"rendered":"http:\/\/fraeulein-lenz.de\/?page_id=35"},"modified":"2021-04-19T04:44:39","modified_gmt":"2021-04-19T04:44:39","slug":"impressum","status":"publish","type":"page","link":"https:\/\/www.fraulenz.de\/en\/sample-page\/kontakt\/impressum\/","title":{"rendered":"Imprint"},"content":{"rendered":"<h1 data-fontsize=\"34\" data-lineheight=\"47\"><span style=\"color: #000000;\">Impressum<\/span><\/h1>\n<h4 data-fontsize=\"34\" data-lineheight=\"47\"><span style=\"color: #000000;\">Angaben gem\u00e4\u00df \u00a7 5 TMG<\/span><\/h4>\n<p><span style=\"color: #000000;\">Anne Faber und Carla Jennewein GbR<\/span><br \/>\n<span style=\"color: #000000;\"> M\u00fchlstrasse 21<\/span><br \/>\n<span style=\"color: #000000;\"> 67728 M\u00fcnchweiler<\/span><\/p>\n<p><span style=\"color: #000000;\">Telefon: 0157-71411006<\/span><br \/>\n<span style=\"color: #000000;\"> Email: kontakt[at]fraeulein-lenz.de<\/span><\/p>\n<p><span style=\"color: #000000;\"><strong>Vertreten durch:\u00a0<\/strong><\/span><br \/>\n<span style=\"color: #000000;\"> Carla Jennewein<\/span><br \/>\n<span style=\"color: #000000;\"> Anne Catherine Faber<\/span><\/p>\n<p><span style=\"color: #000000;\"><strong>Umsatzsteuer-ID:\u00a0<\/strong><\/span><br \/>\n<span style=\"color: #000000;\"> Umsatzsteuer-Identifikationsnummer gem\u00e4\u00df \u00a727a Umsatzsteuergesetz:\u00a0DE305892496<\/span><\/p>\n<p><span style=\"color: #000000;\"><strong>Verantwortlich f\u00fcr den Inhalt nach \u00a7 55 Abs. 2 RStV:<\/strong><\/span><\/p>\n<p><span style=\"color: #000000;\">Carla\u00a0Jennewein &amp; Anne Faber<\/span><br \/>\n<span style=\"color: #000000;\"> M\u00fchlstrasse 21<\/span><br \/>\n<span style=\"color: #000000;\"> 67728 M\u00fcnchweiler<\/span><\/p>\n<p><span style=\"color: #000000;\"><strong>Die Rechte an den auf dieser Homepage abgebildeten Fotos liegen bei:<\/strong><\/span><\/p>\n<p><span style=\"color: #000000;\">Michael Meyer<\/span><br \/>\n<span style=\"color: #000000;\"><span style=\"caret-color: #000000;\">Winkl 58<br \/>\n9943 Untertilliach \/ Austria\u00a0<\/span><\/span><br \/>\n<span style=\"color: #000000;\"><span style=\"caret-color: #000000;\">www.michaelmeyer-foto.com<br \/>\nfotografie66@gmx.at\u00a0<\/span><\/span><\/p>\n<p><span style=\"color: #000000;\">und<\/span><\/p>\n<p><span style=\"color: #000000;\">Anne Catherine Faber<\/span><br \/>\n<span style=\"color: #000000;\">M\u00fchlstr. 21<\/span><br \/>\n<span style=\"color: #000000;\">67728 M\u00fcnchweiler<\/span><\/p>\n<h5><span style=\"color: #000000;\">Die missbr\u00e4uchliche Verwendung von denen auf dieser Seite abgebildeten Fotos und Texten ist kostenpflichtig.<\/span><\/h5>\n<h4><span style=\"color: #000000;\"><strong>Haftungsausschluss:\u00a0<\/strong><\/span><\/h4>\n<p><span style=\"color: #000000;\"><strong>Haftung f\u00fcr Inhalte<\/strong><\/span><\/p>\n<p><span style=\"color: #000000;\">Die Inhalte unserer Seiten wurden mit gr\u00f6\u00dfter Sorgfalt erstellt. F\u00fcr die Richtigkeit, Vollst\u00e4ndigkeit und Aktualit\u00e4t der Inhalte k\u00f6nnen wir jedoch keine Gew\u00e4hr \u00fcbernehmen. Als Diensteanbieter sind wir gem\u00e4\u00df \u00a7 7 Abs.1 TMG f\u00fcr eigene Inhalte auf diesen Seiten nach den allgemeinen Gesetzen verantwortlich. Nach \u00a7\u00a7 8 bis 10 TMG sind wir als Diensteanbieter jedoch nicht verpflichtet, \u00fcbermittelte oder gespeicherte fremde Informationen zu \u00fcberwachen oder nach Umst\u00e4nden zu forschen, die auf eine rechtswidrige T\u00e4tigkeit hinweisen. Verpflichtungen zur Entfernung oder Sperrung der Nutzung von Informationen nach den allgemeinen Gesetzen bleiben hiervon unber\u00fchrt. Eine diesbez\u00fcgliche Haftung ist jedoch erst ab dem Zeitpunkt der Kenntnis einer konkreten Rechtsverletzung m\u00f6glich. Bei Bekanntwerden von entsprechenden Rechtsverletzungen werden wir diese Inhalte umgehend entfernen.<\/span><\/p>\n<p><span style=\"color: #000000;\"><strong>Haftung f\u00fcr Links<\/strong><\/span><\/p>\n<p><span style=\"color: #000000;\">Unser Angebot enth\u00e4lt Links zu externen Webseiten Dritter, auf deren Inhalte wir keinen Einfluss haben. Deshalb k\u00f6nnen wir f\u00fcr diese fremden Inhalte auch keine Gew\u00e4hr \u00fcbernehmen. F\u00fcr die Inhalte der verlinkten Seiten ist stets der jeweilige Anbieter oder Betreiber der Seiten verantwortlich. Die verlinkten Seiten wurden zum Zeitpunkt der Verlinkung auf m\u00f6gliche Rechtsverst\u00f6\u00dfe \u00fcberpr\u00fcft. Rechtswidrige Inhalte waren zum Zeitpunkt der Verlinkung nicht erkennbar. Eine permanente inhaltliche Kontrolle der verlinkten Seiten ist jedoch ohne konkrete Anhaltspunkte einer Rechtsverletzung nicht zumutbar. Bei Bekanntwerden von Rechtsverletzungen werden wir derartige Links umgehend entfernen.<\/span><\/p>\n<p><span style=\"color: #000000;\"><strong>Urheberrecht<\/strong><\/span><\/p>\n<p><span style=\"color: #000000;\">Die durch die Seitenbetreiber erstellten Inhalte und Werke auf diesen Seiten unterliegen dem deutschen Urheberrecht. Die Vervielf\u00e4ltigung, Bearbeitung, Verbreitung und jede Art der Verwertung au\u00dferhalb der Grenzen des Urheberrechtes bed\u00fcrfen der schriftlichen Zustimmung des jeweiligen Autors bzw. Erstellers. Downloads und Kopien dieser Seite sind nur f\u00fcr den privaten, nicht kommerziellen Gebrauch gestattet. Soweit die Inhalte auf dieser Seite nicht vom Betreiber erstellt wurden, werden die Urheberrechte Dritter beachtet. Insbesondere werden Inhalte Dritter als solche gekennzeichnet. Sollten Sie trotzdem auf eine Urheberrechtsverletzung aufmerksam werden, bitten wir um einen entsprechenden Hinweis. Bei Bekanntwerden von Rechtsverletzungen werden wir derartige Inhalte umgehend entfernen.<\/span><\/p>\n<h1><span style=\"color: #000000;\"><strong>Datenschutzerkl\u00e4rung<\/strong><\/span><\/h1>\n<p><span style=\"color: #000000;\">Verantwortliche Stelle im Sinne der Datenschutzgesetze: siehe Impressum.<\/span><\/p>\n<h4><span style=\"color: #000000;\">Allgemeine Hinweise<\/span><\/h4>\n<p><span style=\"color: #000000;\">Die Betreiber dieser Seiten nehmen den Schutz Ihrer pers\u00f6nlichen Daten sehr ernst. Wir behandeln Ihre personenbezogenen Daten vertraulich und entsprechend der gesetzlichen Datenschutzvorschriften sowie dieser Datenschutzerkl\u00e4rung.<\/span><\/p>\n<p><span style=\"color: #000000;\">Die vorliegende Datenschutzerkl\u00e4rung erl\u00e4utert, welche Daten wir erheben und wof\u00fcr wir sie nutzen. Sie erl\u00e4utert auch, wie und zu welchem Zweck das geschieht.<\/span><\/p>\n<p><span style=\"color: #000000;\">Regelm\u00e4\u00dfig kann unsere Webseite ohne die Weitergabe pers\u00f6nlicher Daten genutzt werden. Wenn wir personenbezogene Daten erheben &#8211; etwa Ihren Namen, Ihre Anschrift oder Ihre E-Mail-Adresse &#8211; erfolgt diese Datenerhebung freiwillig.<\/span><\/p>\n<p><span style=\"color: #000000;\">Wir weisen darauf hin, dass die Daten\u00fcbertragung im Internet (z.B. bei der Kommunikation per E-Mail) Sicherheitsl\u00fccken aufweisen kann. Ein l\u00fcckenloser Schutz der Daten vor dem Zugriff durch Dritte ist nicht m\u00f6glich.<\/span><\/p>\n<h4><span style=\"color: #000000;\"><strong>Erfassung allgemeiner Informationen<\/strong><\/span><\/h4>\n<p><span style=\"color: #000000;\">Wenn Sie auf unsere Webseite zugreifen, werden automatisch Informationen allgemeiner Natur erfasst. Diese Informationen (Server-Logfiles) beinhalten etwa die Art des Webbrowsers, das verwendete Betriebssystem, den Domainnamen Ihres Internet Service Providers und \u00c4hnliches. Hierbei handelt es sich ausschlie\u00dflich um Informationen, welche keine R\u00fcckschl\u00fcsse auf Ihre Person zulassen. Diese Informationen sind technisch notwendig, um von Ihnen angeforderte Inhalte von Webseiten korrekt auszuliefern und fallen bei Nutzung des Internets zwingend an.<\/span><\/p>\n<h4><span style=\"color: #000000;\"><strong>Newsletter<\/strong><\/span><\/h4>\n<p><span style=\"color: #000000;\">Sie k\u00f6nnen sich auf unserer Webseite f\u00fcr den Bezug unseres Newsletters anmelden. Wir ben\u00f6tigen daf\u00fcr Ihre E-Mail-Adresse. Die in diesem Rahmen erhobenen Daten dienen dem Versand und Empfang des Newsletters. Sie haben keinen anderen Zweck und werden nicht an Dritte weitergegeben. Es werden au\u00dfer den f\u00fcr den Newsletterversand notwendigen Informationen keine weiteren Daten von unserer Seite erhoben. Da der Newsletterversand und -empfang von Ihrer Einwilligung abh\u00e4ngig ist, k\u00f6nnen Sie diese Einwilligung zur Erhebung und Speicherung Ihrer Daten jederzeit ohne Angabe von Gr\u00fcnden widerrufen indem Sie uns per Email (kontakt@fraeulein-lenz.de), dass Sie den Newsletter nicht mehr bekommen m\u00f6chten.<\/span><\/p>\n<h4><span style=\"color: #000000;\"><strong>Speicherung personenbezogener Daten\/Google Forms<\/strong><\/span><\/h4>\n<p><span style=\"color: #000000;\">Personenbezogene Daten werden mit ihrer Einwilligung bei der Bestellung einer Gem\u00fcsekiste gespeichert. Die Speicherung dient dem Zweck der Lieferung als auch der nachfolgenden Buchhaltung. \u00a0Ihre Daten werden nicht an Dritte weitergegeben.<\/span><\/p>\n<p><span style=\"color: #000000;\">F\u00e4llt der Zweck der Datenerhebung weg oder ist das Ende der gesetzlichen Speicherfrist erreicht, werden die erhobenen Daten gesperrt oder gel\u00f6scht.<\/span><\/p>\n<p><span style=\"color: #000000;\">Die Bestellung unserer Gem\u00fcsekisten erfolgt \u00fcber Google Forms und die Speicherung \u00fcber Google Docs. Hier m\u00f6chten wir auf die Datenschutzerkl\u00e4rung von Google verweisen (<a style=\"color: #000000;\" href=\"https:\/\/policies.google.com\/privacy?hl=de#products\">https:\/\/policies.google.com\/privacy?hl=de#products<\/a>\u00a0). Die Bestelldaten werden jede Woche \u00a0von uns in Google Docs gel\u00f6scht.<\/span><\/p>\n<h4><span style=\"color: #000000;\"><strong>Ihre Rechte auf Auskunft, Berichtigung, Sperre, L\u00f6schung und Widerspruch<\/strong><\/span><\/h4>\n<p class=\"bodytext\"><span style=\"color: #000000;\">Sie haben das Recht, jederzeit Auskunft \u00fcber Ihre bei uns gespeicherten personenbezogenen Daten zu erhalten. Ebenso haben Sie das Recht auf Berichtigung, Sperrung oder, abgesehen von der vorgeschriebenen Datenspeicherung zur Gesch\u00e4ftsabwicklung, L\u00f6schung Ihrer personenbezogenen Daten. Bitte wenden Sie sich dazu an uns schriftlich, telefonisch oder per E-Mail. Damit eine Sperre von Daten jederzeit ber\u00fccksichtigt werden kann, m\u00fcssen diese Daten zu Kontrollzwecken in einer Sperrdatei vorgehalten werden. Sie k\u00f6nnen auch die L\u00f6schung der Daten verlangen, soweit keine gesetzliche Archivierungsverpflichtung besteht. Soweit eine solche Verpflichtung besteht, l\u00f6schen wir Ihre Daten auf Wunsch. Sie k\u00f6nnen \u00c4nderungen oder den Widerruf einer Einwilligung durch entsprechende Mitteilung an uns mit Wirkung f\u00fcr die Zukunft vornehmen.<\/span><\/p>\n<h4><span style=\"color: #000000;\">\u00c4nderung unserer Datenschutzbestimmungen<\/span><\/h4>\n<p class=\"bodytext\"><span style=\"color: #000000;\">Wir behalten uns vor, diese Datenschutzerkl\u00e4rung gelegentlich anzupassen, damit sie stets den aktuellen rechtlichen Anforderungen entspricht oder um \u00c4nderungen unserer Leistungen in der Datenschutzerkl\u00e4rung umzusetzen, z. B. bei der Einf\u00fchrung neuer Services. F\u00fcr Ihren erneuten Besuch gilt dann die neue Datenschutzerkl\u00e4rung.<\/span><\/p>\n<h4><span style=\"color: #000000;\">Fragen an den Datenschutzbeauftragten<\/span><\/h4>\n<p class=\"bodytext\"><span style=\"color: #000000;\">Wenn Sie Fragen zum Datenschutz haben, schreiben Sie uns bitte eine E-Mail.<\/span><\/p>\n","protected":false},"excerpt":{"rendered":"<p>Impressum Angaben gem\u00e4\u00df \u00a7 5 TMG Anne Faber und Carla Jennewein GbR M\u00fchlstrasse 21 67728 M\u00fcnchweiler Telefon: 0157-71411006 Email: kontakt[at]fraeulein-lenz.de Vertreten durch:\u00a0 Carla Jennewein Anne Catherine Faber Umsatzsteuer-ID:\u00a0 Umsatzsteuer-Identifikationsnummer gem\u00e4\u00df \u00a727a Umsatzsteuergesetz:\u00a0DE305892496 Verantwortlich f\u00fcr den Inhalt nach \u00a7 55 Abs. 2 RStV: Carla\u00a0Jennewein &amp; Anne Faber M\u00fchlstrasse 21 67728 M\u00fcnchweiler Die Rechte an den auf [&hellip;]<\/p>\n","protected":false},"author":1,"featured_media":0,"parent":32,"menu_order":1,"comment_status":"closed","ping_status":"closed","template":"","meta":{"footnotes":""},"class_list":["post-35","page","type-page","status-publish","hentry","post-preview"],"yoast_head":"<!-- This site is optimized with the Yoast SEO plugin v27.3 - https:\/\/yoast.com\/product\/yoast-seo-wordpress\/ -->\n<title>Impressum\/Datenschutz - Frau Lenz<\/title>\n<meta name=\"robots\" content=\"index, follow, max-snippet:-1, max-image-preview:large, max-video-preview:-1\" \/>\n<link rel=\"canonical\" href=\"https:\/\/www.fraulenz.de\/en\/sample-page\/kontakt\/impressum\/\" \/>\n<meta property=\"og:locale\" content=\"en_US\" \/>\n<meta property=\"og:type\" content=\"article\" \/>\n<meta property=\"og:title\" content=\"Impressum\/Datenschutz - Frau Lenz\" \/>\n<meta property=\"og:description\" content=\"Impressum Angaben gem\u00e4\u00df \u00a7 5 TMG Anne Faber und Carla Jennewein GbR M\u00fchlstrasse 21 67728 M\u00fcnchweiler Telefon: 0157-71411006 Email: kontakt[at]fraeulein-lenz.de Vertreten durch:\u00a0 Carla Jennewein Anne Catherine Faber Umsatzsteuer-ID:\u00a0 Umsatzsteuer-Identifikationsnummer gem\u00e4\u00df \u00a727a Umsatzsteuergesetz:\u00a0DE305892496 Verantwortlich f\u00fcr den Inhalt nach \u00a7 55 Abs. 2 RStV: Carla\u00a0Jennewein &amp; Anne Faber M\u00fchlstrasse 21 67728 M\u00fcnchweiler Die Rechte an den auf [&hellip;]\" \/>\n<meta property=\"og:url\" content=\"https:\/\/www.fraulenz.de\/en\/sample-page\/kontakt\/impressum\/\" \/>\n<meta property=\"og:site_name\" content=\"Frau Lenz\" \/>\n<meta property=\"article:modified_time\" content=\"2021-04-19T04:44:39+00:00\" \/>\n<meta name=\"twitter:card\" content=\"summary_large_image\" \/>\n<meta name=\"twitter:label1\" content=\"Est. reading time\" \/>\n\t<meta name=\"twitter:data1\" content=\"5 minutes\" \/>\n<script type=\"application\/ld+json\" class=\"yoast-schema-graph\">{\"@context\":\"https:\\\/\\\/schema.org\",\"@graph\":[{\"@type\":\"WebPage\",\"@id\":\"https:\\\/\\\/www.fraulenz.de\\\/sample-page\\\/kontakt\\\/impressum\\\/\",\"url\":\"https:\\\/\\\/www.fraulenz.de\\\/sample-page\\\/kontakt\\\/impressum\\\/\",\"name\":\"Impressum\\\/Datenschutz - Frau Lenz\",\"isPartOf\":{\"@id\":\"https:\\\/\\\/www.fraulenz.de\\\/#website\"},\"datePublished\":\"2016-07-06T08:51:10+00:00\",\"dateModified\":\"2021-04-19T04:44:39+00:00\",\"breadcrumb\":{\"@id\":\"https:\\\/\\\/www.fraulenz.de\\\/sample-page\\\/kontakt\\\/impressum\\\/#breadcrumb\"},\"inLanguage\":\"en-US\",\"potentialAction\":[{\"@type\":\"ReadAction\",\"target\":[\"https:\\\/\\\/www.fraulenz.de\\\/sample-page\\\/kontakt\\\/impressum\\\/\"]}]},{\"@type\":\"BreadcrumbList\",\"@id\":\"https:\\\/\\\/www.fraulenz.de\\\/sample-page\\\/kontakt\\\/impressum\\\/#breadcrumb\",\"itemListElement\":[{\"@type\":\"ListItem\",\"position\":1,\"name\":\"Startseite\",\"item\":\"https:\\\/\\\/www.fraulenz.de\\\/\"},{\"@type\":\"ListItem\",\"position\":2,\"name\":\"Kontakt\",\"item\":\"https:\\\/\\\/www.fraulenz.de\\\/sample-page\\\/kontakt\\\/\"},{\"@type\":\"ListItem\",\"position\":3,\"name\":\"Impressum\\\/Datenschutz\"}]},{\"@type\":\"WebSite\",\"@id\":\"https:\\\/\\\/www.fraulenz.de\\\/#website\",\"url\":\"https:\\\/\\\/www.fraulenz.de\\\/\",\"name\":\"Frau Lenz\",\"description\":\"Gem\u00fcse aus dem Donnersbergkreis\",\"publisher\":{\"@id\":\"https:\\\/\\\/www.fraulenz.de\\\/#organization\"},\"potentialAction\":[{\"@type\":\"SearchAction\",\"target\":{\"@type\":\"EntryPoint\",\"urlTemplate\":\"https:\\\/\\\/www.fraulenz.de\\\/?s={search_term_string}\"},\"query-input\":{\"@type\":\"PropertyValueSpecification\",\"valueRequired\":true,\"valueName\":\"search_term_string\"}}],\"inLanguage\":\"en-US\"},{\"@type\":\"Organization\",\"@id\":\"https:\\\/\\\/www.fraulenz.de\\\/#organization\",\"name\":\"Frau Lenz\",\"url\":\"https:\\\/\\\/www.fraulenz.de\\\/\",\"logo\":{\"@type\":\"ImageObject\",\"inLanguage\":\"en-US\",\"@id\":\"https:\\\/\\\/www.fraulenz.de\\\/#\\\/schema\\\/logo\\\/image\\\/\",\"url\":\"https:\\\/\\\/www.fraulenz.de\\\/wp-content\\\/uploads\\\/2026\\\/01\\\/Logo-FrauLenz.jpg\",\"contentUrl\":\"https:\\\/\\\/www.fraulenz.de\\\/wp-content\\\/uploads\\\/2026\\\/01\\\/Logo-FrauLenz.jpg\",\"width\":334,\"height\":266,\"caption\":\"Frau Lenz\"},\"image\":{\"@id\":\"https:\\\/\\\/www.fraulenz.de\\\/#\\\/schema\\\/logo\\\/image\\\/\"}}]}<\/script>\n<!-- \/ Yoast SEO plugin. -->","yoast_head_json":{"title":"Impressum\/Datenschutz - Frau Lenz","robots":{"index":"index","follow":"follow","max-snippet":"max-snippet:-1","max-image-preview":"max-image-preview:large","max-video-preview":"max-video-preview:-1"},"canonical":"https:\/\/www.fraulenz.de\/en\/sample-page\/kontakt\/impressum\/","og_locale":"en_US","og_type":"article","og_title":"Impressum\/Datenschutz - Frau Lenz","og_description":"Impressum Angaben gem\u00e4\u00df \u00a7 5 TMG Anne Faber und Carla Jennewein GbR M\u00fchlstrasse 21 67728 M\u00fcnchweiler Telefon: 0157-71411006 Email: kontakt[at]fraeulein-lenz.de Vertreten durch:\u00a0 Carla Jennewein Anne Catherine Faber Umsatzsteuer-ID:\u00a0 Umsatzsteuer-Identifikationsnummer gem\u00e4\u00df \u00a727a Umsatzsteuergesetz:\u00a0DE305892496 Verantwortlich f\u00fcr den Inhalt nach \u00a7 55 Abs. 2 RStV: Carla\u00a0Jennewein &amp; Anne Faber M\u00fchlstrasse 21 67728 M\u00fcnchweiler Die Rechte an den auf [&hellip;]","og_url":"https:\/\/www.fraulenz.de\/en\/sample-page\/kontakt\/impressum\/","og_site_name":"Frau Lenz","article_modified_time":"2021-04-19T04:44:39+00:00","twitter_card":"summary_large_image","twitter_misc":{"Est. reading time":"5 minutes"},"schema":{"@context":"https:\/\/schema.org","@graph":[{"@type":"WebPage","@id":"https:\/\/www.fraulenz.de\/sample-page\/kontakt\/impressum\/","url":"https:\/\/www.fraulenz.de\/sample-page\/kontakt\/impressum\/","name":"Impressum\/Datenschutz - Frau Lenz","isPartOf":{"@id":"https:\/\/www.fraulenz.de\/#website"},"datePublished":"2016-07-06T08:51:10+00:00","dateModified":"2021-04-19T04:44:39+00:00","breadcrumb":{"@id":"https:\/\/www.fraulenz.de\/sample-page\/kontakt\/impressum\/#breadcrumb"},"inLanguage":"en-US","potentialAction":[{"@type":"ReadAction","target":["https:\/\/www.fraulenz.de\/sample-page\/kontakt\/impressum\/"]}]},{"@type":"BreadcrumbList","@id":"https:\/\/www.fraulenz.de\/sample-page\/kontakt\/impressum\/#breadcrumb","itemListElement":[{"@type":"ListItem","position":1,"name":"Startseite","item":"https:\/\/www.fraulenz.de\/"},{"@type":"ListItem","position":2,"name":"Kontakt","item":"https:\/\/www.fraulenz.de\/sample-page\/kontakt\/"},{"@type":"ListItem","position":3,"name":"Impressum\/Datenschutz"}]},{"@type":"WebSite","@id":"https:\/\/www.fraulenz.de\/#website","url":"https:\/\/www.fraulenz.de\/","name":"Frau Lenz","description":"Gem\u00fcse aus dem Donnersbergkreis","publisher":{"@id":"https:\/\/www.fraulenz.de\/#organization"},"potentialAction":[{"@type":"SearchAction","target":{"@type":"EntryPoint","urlTemplate":"https:\/\/www.fraulenz.de\/?s={search_term_string}"},"query-input":{"@type":"PropertyValueSpecification","valueRequired":true,"valueName":"search_term_string"}}],"inLanguage":"en-US"},{"@type":"Organization","@id":"https:\/\/www.fraulenz.de\/#organization","name":"Frau Lenz","url":"https:\/\/www.fraulenz.de\/","logo":{"@type":"ImageObject","inLanguage":"en-US","@id":"https:\/\/www.fraulenz.de\/#\/schema\/logo\/image\/","url":"https:\/\/www.fraulenz.de\/wp-content\/uploads\/2026\/01\/Logo-FrauLenz.jpg","contentUrl":"https:\/\/www.fraulenz.de\/wp-content\/uploads\/2026\/01\/Logo-FrauLenz.jpg","width":334,"height":266,"caption":"Frau Lenz"},"image":{"@id":"https:\/\/www.fraulenz.de\/#\/schema\/logo\/image\/"}}]}},"_links":{"self":[{"href":"https:\/\/www.fraulenz.de\/en\/wp-json\/wp\/v2\/pages\/35","targetHints":{"allow":["GET"]}}],"collection":[{"href":"https:\/\/www.fraulenz.de\/en\/wp-json\/wp\/v2\/pages"}],"about":[{"href":"https:\/\/www.fraulenz.de\/en\/wp-json\/wp\/v2\/types\/page"}],"author":[{"embeddable":true,"href":"https:\/\/www.fraulenz.de\/en\/wp-json\/wp\/v2\/users\/1"}],"replies":[{"embeddable":true,"href":"https:\/\/www.fraulenz.de\/en\/wp-json\/wp\/v2\/comments?post=35"}],"version-history":[{"count":16,"href":"https:\/\/www.fraulenz.de\/en\/wp-json\/wp\/v2\/pages\/35\/revisions"}],"predecessor-version":[{"id":2123,"href":"https:\/\/www.fraulenz.de\/en\/wp-json\/wp\/v2\/pages\/35\/revisions\/2123"}],"up":[{"embeddable":true,"href":"https:\/\/www.fraulenz.de\/en\/wp-json\/wp\/v2\/pages\/32"}],"wp:attachment":[{"href":"https:\/\/www.fraulenz.de\/en\/wp-json\/wp\/v2\/media?parent=35"}],"curies":[{"name":"wp","href":"https:\/\/api.w.org\/{rel}","templated":true}]}}