{"id":41,"date":"2016-07-06T09:25:47","date_gmt":"2016-07-06T09:25:47","guid":{"rendered":"http:\/\/fraeulein-lenz.de\/?page_id=41"},"modified":"2019-02-19T08:59:02","modified_gmt":"2019-02-19T08:59:02","slug":"newsletter","status":"publish","type":"page","link":"https:\/\/www.fraulenz.de\/en\/newsletter\/","title":{"rendered":"FR\u00c4ULEIN LENZ NEUIGKEITEN"},"content":{"rendered":"<p>&nbsp;<\/p>\n<p><span style=\"color: #000000;\">Hier gehts zur Anmeldung f\u00fcr unsere w\u00f6chentlichen Neuigkeiten:<\/span><\/p>\n<p><span style=\"color: #000000;\"><script type=\"text\/javascript\"><br \/>\n\/\/<![CDATA[\nif (typeof newsletter_check !== \"function\") {\nwindow.newsletter_check = function (f) {\n    var re = \/^([a-zA-Z0-9_\\.\\-\\+])+\\@(([a-zA-Z0-9\\-]{1,})+\\.)+([a-zA-Z0-9]{2,})+$\/;<br \/>\n    if (!re.test(f.elements[\"ne\"].value)) {<br \/>\n        alert(\"The email is not correct\");<br \/>\n        return false;<br \/>\n    }<br \/>\n    for (var i=1; i<20; i++) { if (f.elements[\"np\" + i] &#038;&#038; f.elements[\"np\" + i].required &#038;&#038; f.elements[\"np\" + i].value == \"\") { alert(\"\"); return false; } } if (f.elements[\"ny\"] &#038;&#038; !f.elements[\"ny\"].checked) { alert(\"You must accept the privacy statement\"); return false; } return true; } } \/\/]]><br \/>\n<\/script><\/span><\/p>\n<div class=\"newsletter newsletter-subscription\">\n<form action=\"http:\/\/fraeulein-lenz.de\/?na=s\" method=\"post\">\n<p><!-- last name --><\/p>\n<p><!-- email --><\/p>\n<table border=\"0\" cellspacing=\"0\" cellpadding=\"3\"><!-- first name --><\/p>\n<tbody>\n<tr>\n<th><span style=\"color: #000000;\">Vorname<\/span><\/th>\n<td><span style=\"color: #000000;\"><input class=\"newsletter-firstname\" name=\"nn\" size=\"30\" type=\"text\"><\/span><\/td>\n<\/tr>\n<tr>\n<th><span style=\"color: #000000;\">Nachname<\/span><\/th>\n<td><span style=\"color: #000000;\"><input class=\"newsletter-lastname\" name=\"ns\" size=\"30\" type=\"text\"><\/span><\/td>\n<\/tr>\n<tr>\n<th><span style=\"color: #000000;\">Email<\/span><\/th>\n<td align=\"left\"><span style=\"color: #000000;\"><input class=\"newsletter-email\" name=\"ne\" required=\"\" size=\"30\" type=\"email\"><\/span><\/td>\n<\/tr>\n<tr>\n<td class=\"newsletter-td-submit\" colspan=\"2\"><span style=\"color: #000000;\"><strong>Einverst\u00e4ndniserkl\u00e4rung<\/strong>:<\/span><\/p>\n<p><span style=\"color: #000000;\">Hiermiet erkl\u00e4re ich mich einverstanden, dass die Anne Faber &amp; Carla Jennewein GbR mir aktuelle Informationen per Email zusendet. Ich kann meine Anmeldung jederzeit per Email (kontakt@fraeulein-lenz.de) widerrufen.<\/span><\/p>\n<p><span style=\"color: #000000;\"><input class=\"newsletter-submit\" type=\"submit\" value=\"Anmelden\"><\/span><\/td>\n<\/tr>\n<\/tbody>\n<\/table>\n<\/form>\n<\/div>\n","protected":false},"excerpt":{"rendered":"<p>&nbsp; Hier gehts zur Anmeldung f\u00fcr unsere w\u00f6chentlichen Neuigkeiten: Vorname Nachname Email Einverst\u00e4ndniserkl\u00e4rung: Hiermiet erkl\u00e4re ich mich einverstanden, dass die Anne Faber &amp; Carla Jennewein GbR mir aktuelle Informationen per Email zusendet. Ich kann meine Anmeldung jederzeit per Email (kontakt@fraeulein-lenz.de) widerrufen.<\/p>","protected":false},"author":1,"featured_media":0,"parent":0,"menu_order":0,"comment_status":"closed","ping_status":"closed","template":"","meta":{"footnotes":""},"class_list":["post-41","page","type-page","status-publish","hentry","post-preview"],"yoast_head":"<!-- This site is optimized with the Yoast SEO plugin v27.5 - https:\/\/yoast.com\/product\/yoast-seo-wordpress\/ -->\n<title>FR\u00c4ULEIN LENZ NEUIGKEITEN - Frau Lenz<\/title>\n<meta name=\"robots\" content=\"index, follow, max-snippet:-1, max-image-preview:large, max-video-preview:-1\" \/>\n<link rel=\"canonical\" href=\"https:\/\/www.fraulenz.de\/en\/newsletter\/\" \/>\n<meta property=\"og:locale\" content=\"en_US\" \/>\n<meta property=\"og:type\" content=\"article\" \/>\n<meta property=\"og:title\" content=\"FR\u00c4ULEIN LENZ NEUIGKEITEN - Frau Lenz\" \/>\n<meta property=\"og:description\" content=\"&nbsp; Hier gehts zur Anmeldung f\u00fcr unsere w\u00f6chentlichen Neuigkeiten: Vorname Nachname Email Einverst\u00e4ndniserkl\u00e4rung: Hiermiet erkl\u00e4re ich mich einverstanden, dass die Anne Faber &amp; Carla Jennewein GbR mir aktuelle Informationen per Email zusendet. Ich kann meine Anmeldung jederzeit per Email (kontakt@fraeulein-lenz.de) widerrufen.\" \/>\n<meta property=\"og:url\" content=\"https:\/\/www.fraulenz.de\/en\/newsletter\/\" \/>\n<meta property=\"og:site_name\" content=\"Frau Lenz\" \/>\n<meta property=\"article:modified_time\" content=\"2019-02-19T08:59:02+00:00\" \/>\n<meta name=\"twitter:card\" content=\"summary_large_image\" \/>\n<script type=\"application\/ld+json\" class=\"yoast-schema-graph\">{\"@context\":\"https:\\\/\\\/schema.org\",\"@graph\":[{\"@type\":\"WebPage\",\"@id\":\"https:\\\/\\\/www.fraulenz.de\\\/newsletter\\\/\",\"url\":\"https:\\\/\\\/www.fraulenz.de\\\/newsletter\\\/\",\"name\":\"FR\u00c4ULEIN LENZ NEUIGKEITEN - Frau Lenz\",\"isPartOf\":{\"@id\":\"https:\\\/\\\/www.fraulenz.de\\\/#website\"},\"datePublished\":\"2016-07-06T09:25:47+00:00\",\"dateModified\":\"2019-02-19T08:59:02+00:00\",\"breadcrumb\":{\"@id\":\"https:\\\/\\\/www.fraulenz.de\\\/newsletter\\\/#breadcrumb\"},\"inLanguage\":\"en-US\",\"potentialAction\":[{\"@type\":\"ReadAction\",\"target\":[\"https:\\\/\\\/www.fraulenz.de\\\/newsletter\\\/\"]}]},{\"@type\":\"BreadcrumbList\",\"@id\":\"https:\\\/\\\/www.fraulenz.de\\\/newsletter\\\/#breadcrumb\",\"itemListElement\":[{\"@type\":\"ListItem\",\"position\":1,\"name\":\"Startseite\",\"item\":\"https:\\\/\\\/www.fraulenz.de\\\/\"},{\"@type\":\"ListItem\",\"position\":2,\"name\":\"FR\u00c4ULEIN LENZ NEUIGKEITEN\"}]},{\"@type\":\"WebSite\",\"@id\":\"https:\\\/\\\/www.fraulenz.de\\\/#website\",\"url\":\"https:\\\/\\\/www.fraulenz.de\\\/\",\"name\":\"Frau Lenz\",\"description\":\"Gem\u00fcse aus dem Donnersbergkreis\",\"publisher\":{\"@id\":\"https:\\\/\\\/www.fraulenz.de\\\/#organization\"},\"potentialAction\":[{\"@type\":\"SearchAction\",\"target\":{\"@type\":\"EntryPoint\",\"urlTemplate\":\"https:\\\/\\\/www.fraulenz.de\\\/?s={search_term_string}\"},\"query-input\":{\"@type\":\"PropertyValueSpecification\",\"valueRequired\":true,\"valueName\":\"search_term_string\"}}],\"inLanguage\":\"en-US\"},{\"@type\":\"Organization\",\"@id\":\"https:\\\/\\\/www.fraulenz.de\\\/#organization\",\"name\":\"Frau Lenz\",\"url\":\"https:\\\/\\\/www.fraulenz.de\\\/\",\"logo\":{\"@type\":\"ImageObject\",\"inLanguage\":\"en-US\",\"@id\":\"https:\\\/\\\/www.fraulenz.de\\\/#\\\/schema\\\/logo\\\/image\\\/\",\"url\":\"https:\\\/\\\/www.fraulenz.de\\\/wp-content\\\/uploads\\\/2026\\\/01\\\/Logo-FrauLenz.jpg\",\"contentUrl\":\"https:\\\/\\\/www.fraulenz.de\\\/wp-content\\\/uploads\\\/2026\\\/01\\\/Logo-FrauLenz.jpg\",\"width\":334,\"height\":266,\"caption\":\"Frau Lenz\"},\"image\":{\"@id\":\"https:\\\/\\\/www.fraulenz.de\\\/#\\\/schema\\\/logo\\\/image\\\/\"}}]}<\/script>\n<!-- \/ Yoast SEO plugin. -->","yoast_head_json":{"title":"FR\u00c4ULEIN LENZ NEUIGKEITEN - Frau Lenz","robots":{"index":"index","follow":"follow","max-snippet":"max-snippet:-1","max-image-preview":"max-image-preview:large","max-video-preview":"max-video-preview:-1"},"canonical":"https:\/\/www.fraulenz.de\/en\/newsletter\/","og_locale":"en_US","og_type":"article","og_title":"FR\u00c4ULEIN LENZ NEUIGKEITEN - Frau Lenz","og_description":"&nbsp; Hier gehts zur Anmeldung f\u00fcr unsere w\u00f6chentlichen Neuigkeiten: Vorname Nachname Email Einverst\u00e4ndniserkl\u00e4rung: Hiermiet erkl\u00e4re ich mich einverstanden, dass die Anne Faber &amp; Carla Jennewein GbR mir aktuelle Informationen per Email zusendet. Ich kann meine Anmeldung jederzeit per Email (kontakt@fraeulein-lenz.de) widerrufen.","og_url":"https:\/\/www.fraulenz.de\/en\/newsletter\/","og_site_name":"Frau Lenz","article_modified_time":"2019-02-19T08:59:02+00:00","twitter_card":"summary_large_image","schema":{"@context":"https:\/\/schema.org","@graph":[{"@type":"WebPage","@id":"https:\/\/www.fraulenz.de\/newsletter\/","url":"https:\/\/www.fraulenz.de\/newsletter\/","name":"FR\u00c4ULEIN LENZ NEUIGKEITEN - Frau Lenz","isPartOf":{"@id":"https:\/\/www.fraulenz.de\/#website"},"datePublished":"2016-07-06T09:25:47+00:00","dateModified":"2019-02-19T08:59:02+00:00","breadcrumb":{"@id":"https:\/\/www.fraulenz.de\/newsletter\/#breadcrumb"},"inLanguage":"en-US","potentialAction":[{"@type":"ReadAction","target":["https:\/\/www.fraulenz.de\/newsletter\/"]}]},{"@type":"BreadcrumbList","@id":"https:\/\/www.fraulenz.de\/newsletter\/#breadcrumb","itemListElement":[{"@type":"ListItem","position":1,"name":"Startseite","item":"https:\/\/www.fraulenz.de\/"},{"@type":"ListItem","position":2,"name":"FR\u00c4ULEIN LENZ NEUIGKEITEN"}]},{"@type":"WebSite","@id":"https:\/\/www.fraulenz.de\/#website","url":"https:\/\/www.fraulenz.de\/","name":"Frau Lenz","description":"Gem\u00fcse aus dem Donnersbergkreis","publisher":{"@id":"https:\/\/www.fraulenz.de\/#organization"},"potentialAction":[{"@type":"SearchAction","target":{"@type":"EntryPoint","urlTemplate":"https:\/\/www.fraulenz.de\/?s={search_term_string}"},"query-input":{"@type":"PropertyValueSpecification","valueRequired":true,"valueName":"search_term_string"}}],"inLanguage":"en-US"},{"@type":"Organization","@id":"https:\/\/www.fraulenz.de\/#organization","name":"Frau Lenz","url":"https:\/\/www.fraulenz.de\/","logo":{"@type":"ImageObject","inLanguage":"en-US","@id":"https:\/\/www.fraulenz.de\/#\/schema\/logo\/image\/","url":"https:\/\/www.fraulenz.de\/wp-content\/uploads\/2026\/01\/Logo-FrauLenz.jpg","contentUrl":"https:\/\/www.fraulenz.de\/wp-content\/uploads\/2026\/01\/Logo-FrauLenz.jpg","width":334,"height":266,"caption":"Frau Lenz"},"image":{"@id":"https:\/\/www.fraulenz.de\/#\/schema\/logo\/image\/"}}]}},"_links":{"self":[{"href":"https:\/\/www.fraulenz.de\/en\/wp-json\/wp\/v2\/pages\/41","targetHints":{"allow":["GET"]}}],"collection":[{"href":"https:\/\/www.fraulenz.de\/en\/wp-json\/wp\/v2\/pages"}],"about":[{"href":"https:\/\/www.fraulenz.de\/en\/wp-json\/wp\/v2\/types\/page"}],"author":[{"embeddable":true,"href":"https:\/\/www.fraulenz.de\/en\/wp-json\/wp\/v2\/users\/1"}],"replies":[{"embeddable":true,"href":"https:\/\/www.fraulenz.de\/en\/wp-json\/wp\/v2\/comments?post=41"}],"version-history":[{"count":17,"href":"https:\/\/www.fraulenz.de\/en\/wp-json\/wp\/v2\/pages\/41\/revisions"}],"predecessor-version":[{"id":1161,"href":"https:\/\/www.fraulenz.de\/en\/wp-json\/wp\/v2\/pages\/41\/revisions\/1161"}],"wp:attachment":[{"href":"https:\/\/www.fraulenz.de\/en\/wp-json\/wp\/v2\/media?parent=41"}],"curies":[{"name":"wp","href":"https:\/\/api.w.org\/{rel}","templated":true}]}}