{"id":765,"date":"2018-02-03T09:13:53","date_gmt":"2018-02-03T09:13:53","guid":{"rendered":"http:\/\/fraeulein-lenz.de\/?page_id=765"},"modified":"2025-12-30T14:58:56","modified_gmt":"2025-12-30T14:58:56","slug":"oeffnungszeiten","status":"publish","type":"page","link":"https:\/\/www.fraulenz.de\/en\/oeffnungszeiten\/","title":{"rendered":"Business Hours"},"content":{"rendered":"<h2 style=\"text-align: left;\"><span style=\"color: #000000;\"><strong>Market Day<\/strong><\/span><\/h2>\n<p style=\"text-align: left;\"><span style=\"color: #000000;\"><span style=\"caret-color: #ffffff;\">Geschlossen bis Fr\u00fchling 2026<\/span><\/span><\/p>\n<p style=\"text-align: left;\"><span style=\"color: #000000;\"><span style=\"caret-color: #ffffff;\">Freitags von 15.30 bis 18:00 Uhr<\/span><\/span><\/p>\n<p><span style=\"color: #000000;\">M\u00fchlstr. 21 <\/span><\/p>\n<p><span style=\"color: #000000;\">M\u00fcnchweiler\/ Alsenz<\/span><\/p>\n<p>\u00a0<\/p>\n<h3 style=\"text-align: left;\">\u00a0<\/h3>\n\n\n<p><\/p>","protected":false},"excerpt":{"rendered":"<p>Markttag Geschlossen bis Fr\u00fchling 2026 Freitags von 15.30 bis 18:00 Uhr M\u00fchlstr. 21 M\u00fcnchweiler\/ Alsenz \u00a0 \u00a0<\/p>","protected":false},"author":1,"featured_media":0,"parent":0,"menu_order":0,"comment_status":"closed","ping_status":"closed","template":"","meta":{"footnotes":""},"class_list":["post-765","page","type-page","status-publish","hentry","post-preview"],"yoast_head":"<!-- This site is optimized with the Yoast SEO plugin v27.3 - https:\/\/yoast.com\/product\/yoast-seo-wordpress\/ -->\n<title>\u00d6ffnungszeiten - Frau Lenz<\/title>\n<meta name=\"robots\" content=\"index, follow, max-snippet:-1, max-image-preview:large, max-video-preview:-1\" \/>\n<link rel=\"canonical\" href=\"https:\/\/www.fraulenz.de\/en\/oeffnungszeiten\/\" \/>\n<meta property=\"og:locale\" content=\"en_US\" \/>\n<meta property=\"og:type\" content=\"article\" \/>\n<meta property=\"og:title\" content=\"\u00d6ffnungszeiten - Frau Lenz\" \/>\n<meta property=\"og:description\" content=\"Markttag Geschlossen bis Fr\u00fchling 2026 Freitags von 15.30 bis 18:00 Uhr M\u00fchlstr. 21 M\u00fcnchweiler\/ Alsenz \u00a0 \u00a0\" \/>\n<meta property=\"og:url\" content=\"https:\/\/www.fraulenz.de\/en\/oeffnungszeiten\/\" \/>\n<meta property=\"og:site_name\" content=\"Frau Lenz\" \/>\n<meta property=\"article:modified_time\" content=\"2025-12-30T14:58:56+00:00\" \/>\n<meta name=\"twitter:card\" content=\"summary_large_image\" \/>\n<meta name=\"twitter:label1\" content=\"Est. reading time\" \/>\n\t<meta name=\"twitter:data1\" content=\"1 minute\" \/>\n<script type=\"application\/ld+json\" class=\"yoast-schema-graph\">{\"@context\":\"https:\\\/\\\/schema.org\",\"@graph\":[{\"@type\":\"WebPage\",\"@id\":\"https:\\\/\\\/www.fraulenz.de\\\/oeffnungszeiten\\\/\",\"url\":\"https:\\\/\\\/www.fraulenz.de\\\/oeffnungszeiten\\\/\",\"name\":\"\u00d6ffnungszeiten - Frau Lenz\",\"isPartOf\":{\"@id\":\"https:\\\/\\\/www.fraulenz.de\\\/#website\"},\"datePublished\":\"2018-02-03T09:13:53+00:00\",\"dateModified\":\"2025-12-30T14:58:56+00:00\",\"breadcrumb\":{\"@id\":\"https:\\\/\\\/www.fraulenz.de\\\/oeffnungszeiten\\\/#breadcrumb\"},\"inLanguage\":\"en-US\",\"potentialAction\":[{\"@type\":\"ReadAction\",\"target\":[\"https:\\\/\\\/www.fraulenz.de\\\/oeffnungszeiten\\\/\"]}]},{\"@type\":\"BreadcrumbList\",\"@id\":\"https:\\\/\\\/www.fraulenz.de\\\/oeffnungszeiten\\\/#breadcrumb\",\"itemListElement\":[{\"@type\":\"ListItem\",\"position\":1,\"name\":\"Startseite\",\"item\":\"https:\\\/\\\/www.fraulenz.de\\\/\"},{\"@type\":\"ListItem\",\"position\":2,\"name\":\"\u00d6ffnungszeiten\"}]},{\"@type\":\"WebSite\",\"@id\":\"https:\\\/\\\/www.fraulenz.de\\\/#website\",\"url\":\"https:\\\/\\\/www.fraulenz.de\\\/\",\"name\":\"Frau Lenz\",\"description\":\"Gem\u00fcse aus dem Donnersbergkreis\",\"publisher\":{\"@id\":\"https:\\\/\\\/www.fraulenz.de\\\/#organization\"},\"potentialAction\":[{\"@type\":\"SearchAction\",\"target\":{\"@type\":\"EntryPoint\",\"urlTemplate\":\"https:\\\/\\\/www.fraulenz.de\\\/?s={search_term_string}\"},\"query-input\":{\"@type\":\"PropertyValueSpecification\",\"valueRequired\":true,\"valueName\":\"search_term_string\"}}],\"inLanguage\":\"en-US\"},{\"@type\":\"Organization\",\"@id\":\"https:\\\/\\\/www.fraulenz.de\\\/#organization\",\"name\":\"Frau Lenz\",\"url\":\"https:\\\/\\\/www.fraulenz.de\\\/\",\"logo\":{\"@type\":\"ImageObject\",\"inLanguage\":\"en-US\",\"@id\":\"https:\\\/\\\/www.fraulenz.de\\\/#\\\/schema\\\/logo\\\/image\\\/\",\"url\":\"https:\\\/\\\/www.fraulenz.de\\\/wp-content\\\/uploads\\\/2026\\\/01\\\/Logo-FrauLenz.jpg\",\"contentUrl\":\"https:\\\/\\\/www.fraulenz.de\\\/wp-content\\\/uploads\\\/2026\\\/01\\\/Logo-FrauLenz.jpg\",\"width\":334,\"height\":266,\"caption\":\"Frau Lenz\"},\"image\":{\"@id\":\"https:\\\/\\\/www.fraulenz.de\\\/#\\\/schema\\\/logo\\\/image\\\/\"}}]}<\/script>\n<!-- \/ Yoast SEO plugin. -->","yoast_head_json":{"title":"\u00d6ffnungszeiten - Frau Lenz","robots":{"index":"index","follow":"follow","max-snippet":"max-snippet:-1","max-image-preview":"max-image-preview:large","max-video-preview":"max-video-preview:-1"},"canonical":"https:\/\/www.fraulenz.de\/en\/oeffnungszeiten\/","og_locale":"en_US","og_type":"article","og_title":"\u00d6ffnungszeiten - Frau Lenz","og_description":"Markttag Geschlossen bis Fr\u00fchling 2026 Freitags von 15.30 bis 18:00 Uhr M\u00fchlstr. 21 M\u00fcnchweiler\/ Alsenz \u00a0 \u00a0","og_url":"https:\/\/www.fraulenz.de\/en\/oeffnungszeiten\/","og_site_name":"Frau Lenz","article_modified_time":"2025-12-30T14:58:56+00:00","twitter_card":"summary_large_image","twitter_misc":{"Est. reading time":"1 minute"},"schema":{"@context":"https:\/\/schema.org","@graph":[{"@type":"WebPage","@id":"https:\/\/www.fraulenz.de\/oeffnungszeiten\/","url":"https:\/\/www.fraulenz.de\/oeffnungszeiten\/","name":"\u00d6ffnungszeiten - Frau Lenz","isPartOf":{"@id":"https:\/\/www.fraulenz.de\/#website"},"datePublished":"2018-02-03T09:13:53+00:00","dateModified":"2025-12-30T14:58:56+00:00","breadcrumb":{"@id":"https:\/\/www.fraulenz.de\/oeffnungszeiten\/#breadcrumb"},"inLanguage":"en-US","potentialAction":[{"@type":"ReadAction","target":["https:\/\/www.fraulenz.de\/oeffnungszeiten\/"]}]},{"@type":"BreadcrumbList","@id":"https:\/\/www.fraulenz.de\/oeffnungszeiten\/#breadcrumb","itemListElement":[{"@type":"ListItem","position":1,"name":"Startseite","item":"https:\/\/www.fraulenz.de\/"},{"@type":"ListItem","position":2,"name":"\u00d6ffnungszeiten"}]},{"@type":"WebSite","@id":"https:\/\/www.fraulenz.de\/#website","url":"https:\/\/www.fraulenz.de\/","name":"Frau Lenz","description":"Gem\u00fcse aus dem Donnersbergkreis","publisher":{"@id":"https:\/\/www.fraulenz.de\/#organization"},"potentialAction":[{"@type":"SearchAction","target":{"@type":"EntryPoint","urlTemplate":"https:\/\/www.fraulenz.de\/?s={search_term_string}"},"query-input":{"@type":"PropertyValueSpecification","valueRequired":true,"valueName":"search_term_string"}}],"inLanguage":"en-US"},{"@type":"Organization","@id":"https:\/\/www.fraulenz.de\/#organization","name":"Frau Lenz","url":"https:\/\/www.fraulenz.de\/","logo":{"@type":"ImageObject","inLanguage":"en-US","@id":"https:\/\/www.fraulenz.de\/#\/schema\/logo\/image\/","url":"https:\/\/www.fraulenz.de\/wp-content\/uploads\/2026\/01\/Logo-FrauLenz.jpg","contentUrl":"https:\/\/www.fraulenz.de\/wp-content\/uploads\/2026\/01\/Logo-FrauLenz.jpg","width":334,"height":266,"caption":"Frau Lenz"},"image":{"@id":"https:\/\/www.fraulenz.de\/#\/schema\/logo\/image\/"}}]}},"_links":{"self":[{"href":"https:\/\/www.fraulenz.de\/en\/wp-json\/wp\/v2\/pages\/765","targetHints":{"allow":["GET"]}}],"collection":[{"href":"https:\/\/www.fraulenz.de\/en\/wp-json\/wp\/v2\/pages"}],"about":[{"href":"https:\/\/www.fraulenz.de\/en\/wp-json\/wp\/v2\/types\/page"}],"author":[{"embeddable":true,"href":"https:\/\/www.fraulenz.de\/en\/wp-json\/wp\/v2\/users\/1"}],"replies":[{"embeddable":true,"href":"https:\/\/www.fraulenz.de\/en\/wp-json\/wp\/v2\/comments?post=765"}],"version-history":[{"count":60,"href":"https:\/\/www.fraulenz.de\/en\/wp-json\/wp\/v2\/pages\/765\/revisions"}],"predecessor-version":[{"id":2952,"href":"https:\/\/www.fraulenz.de\/en\/wp-json\/wp\/v2\/pages\/765\/revisions\/2952"}],"wp:attachment":[{"href":"https:\/\/www.fraulenz.de\/en\/wp-json\/wp\/v2\/media?parent=765"}],"curies":[{"name":"wp","href":"https:\/\/api.w.org\/{rel}","templated":true}]}}